{"id":1378,"date":"2022-03-31T15:45:00","date_gmt":"2022-03-31T13:45:00","guid":{"rendered":"https:\/\/www.tecnicagroup.com\/?page_id=1378"},"modified":"2022-03-31T15:45:09","modified_gmt":"2022-03-31T13:45:09","slug":"trademark-info","status":"publish","type":"page","link":"https:\/\/www.tecnicagroup.com\/de\/trademark-info\/","title":{"rendered":"Trademark info"},"content":{"rendered":"\n<p>Tecnica Group ist eine eingetragene Handelsmarke der Tecnica Group S.p.A.. Jegliche nicht erlaubte Nutzung dieser Marke und des geistigen Eigentums von Tecnica Group S.p.A. wird in vollem Umfang des geltenden Gesetzes, strafrechtlich verfolgt. Alle Inhalte dieser Website sind geistiges Eigentum von Tecnica Group S.p.A.. Alle innerhalb des Internetangebotes genannten und ggf. durch Dritte gesch\u00fctzten Marken- und Warenzeichen, unterliegen uneingeschr\u00e4nkt den Bestimmungen des jeweils g\u00fcltigen Kennzeichenrechts und den Besitzrechten der jeweiligen eingetragenen Eigent\u00fcmer. Es ist gestattet, den Inhalt dieser Website allerdings, ausschlie\u00dflich f\u00fcr den pers\u00f6nlichen Gebrauch, zu vervielf\u00e4ltigen. Dar\u00fcber hinaus ist es ohne unsere ausdr\u00fcckliche Genehmigung verboten, den Inhalt dieser Seite zu ver\u00e4ndern, kopieren, vervielf\u00e4ltigen, publizieren oder \u00fcbertragen. Der Inhalt dieser Website darf nicht verkauft oder anderweitig an Dritte weitergegeben werden.<br>Weder Tecnica Group S.p.A., noch andere Unternehmen und Personen, die an der Erstellung oder Produktion dieser Website beteiligt sind, sind verantwortlich f\u00fcr etwaige direkte oder indirekte Sch\u00e4den, die durch den Zugriff oder die Nutzung dieser Website entstehen k\u00f6nnen. Dar\u00fcber hinaus ist Tecnica Group S.p.A. nicht verantwortlich f\u00fcr Sch\u00e4den, die auf Grund von Computervirusinfektionen auf Ihren Ger\u00e4ten, die aufgrund der Nutzung oder des Zugriffs auf diese Seite oder infolge des Herunterladens seiner Inhalte, aufgetreten, bzw. entstanden sind. Alle pers\u00f6nlichen Daten, die an die Website von Tecnica Group S.p.A. gesendet werden, werden gem\u00e4\u00df, des geltenden Gesetzes, behandelt, w\u00e4hrend alle nicht personenbezogenen Daten, die \u00fcber das Internet \u00fcbermittelt werden (einschlie\u00dflich Vorschl\u00e4ge, Ideen, Skizzen, Projekte, etc\u2026.), ausschlie\u00dfliches Eigentum von Tecnica Group S.p.A. wird und bleibt. Solche nicht personenbezogenen Daten werden nicht als vertraulich betrachtet.<\/p>\n","protected":false},"excerpt":{"rendered":"<p>Tecnica Group ist eine eingetragene Handelsmarke der Tecnica Group S.p.A.. Jegliche nicht erlaubte Nutzung dieser Marke und des geistigen Eigentums von Tecnica Group S.p.A. wird in vollem Umfang des geltenden Gesetzes, strafrechtlich verfolgt. Alle Inhalte dieser Website sind geistiges Eigentum [&hellip;]<\/p>\n","protected":false},"author":1,"featured_media":0,"parent":0,"menu_order":0,"comment_status":"closed","ping_status":"closed","template":"page-terms-privacy.php","meta":{"footnotes":""},"class_list":["post-1378","page","type-page","status-publish","hentry"],"_links":{"self":[{"href":"https:\/\/www.tecnicagroup.com\/de\/wp-json\/wp\/v2\/pages\/1378","targetHints":{"allow":["GET"]}}],"collection":[{"href":"https:\/\/www.tecnicagroup.com\/de\/wp-json\/wp\/v2\/pages"}],"about":[{"href":"https:\/\/www.tecnicagroup.com\/de\/wp-json\/wp\/v2\/types\/page"}],"author":[{"embeddable":true,"href":"https:\/\/www.tecnicagroup.com\/de\/wp-json\/wp\/v2\/users\/1"}],"replies":[{"embeddable":true,"href":"https:\/\/www.tecnicagroup.com\/de\/wp-json\/wp\/v2\/comments?post=1378"}],"version-history":[{"count":3,"href":"https:\/\/www.tecnicagroup.com\/de\/wp-json\/wp\/v2\/pages\/1378\/revisions"}],"predecessor-version":[{"id":1382,"href":"https:\/\/www.tecnicagroup.com\/de\/wp-json\/wp\/v2\/pages\/1378\/revisions\/1382"}],"wp:attachment":[{"href":"https:\/\/www.tecnicagroup.com\/de\/wp-json\/wp\/v2\/media?parent=1378"}],"curies":[{"name":"wp","href":"https:\/\/api.w.org\/{rel}","templated":true}]}}