{"id":2004,"date":"2023-09-13T15:13:00","date_gmt":"2023-09-13T13:13:00","guid":{"rendered":"https:\/\/www.tecnicagroup.com\/?page_id=2004"},"modified":"2025-02-07T09:14:35","modified_gmt":"2025-02-07T08:14:35","slug":"cookie-richtlinie","status":"publish","type":"page","link":"https:\/\/www.tecnicagroup.com\/de\/cookie-richtlinie\/","title":{"rendered":"COOKIE-RICHTLINIE"},"content":{"rendered":"\n<p>Tecnica Group S.p.A. (nachfolgend \u201e<strong>Eigent\u00fcmer<\/strong>\u201c oder \u201e<strong>Gesellschaft<\/strong>\u201c) stellt Ihnen gem\u00e4\u00df Artikel 13 der Allgemeinen Datenschutzverordnung Nr. 2016\/679 (nachfolgend \u201e<strong>DSGVO<\/strong>\u201c) Informationen zur Verarbeitung Ihrer personenbezogenen Daten zur Verf\u00fcgung, die \u00fcber Cookies, Web Beacons, Web Bugs, Clear GIFs und \u00e4hnliche Technologien auf den Seiten der Website <a href=\"https:\/\/www.tecnicagroup.com\/de\" data-type=\"URL\" data-id=\"https:\/\/www.tecnicagroup.com\/de\">tecnicagroup.com<\/a> (nachfolgend \u201e<strong>Website<\/strong>\u201c) erfolgt.<\/p>\n\n\n\n<ol class=\"wp-block-list\">\n<li><strong>Datenverantwortlicher und Kontaktangaben<\/strong><\/li>\n<\/ol>\n\n\n\n<p>Der Datenverantwortliche ist Tecnica Group S.p.A., mit Gesch\u00e4ftssitz in Via Fante d&#8217;Italia, 56 &#8211; 31040, Giavera del Montello (TV), C.F. und P.IVA 00195810262.<\/p>\n\n\n\n<p>E-Mail: <a href=\"mailto:privacy@tecnicagroup.com\">privacy@tecnicagroup.com<\/a>.<\/p>\n\n\n\n<ol class=\"wp-block-list\" start=\"2\">\n<li><strong>Kontaktinformationen des Datenschutzbeauftragten (DSB)<\/strong><\/li>\n<\/ol>\n\n\n\n<p>Der f\u00fcr die Datenverarbeitung Verantwortliche hat einen Datenschutzbeauftragten (DSB) ernannt, der unter der folgenden E-Mail-Adresse zu erreichen ist: <a href=\"mailto:privacy@tecnicagroup.com\">privacy@tecnicagroup.com<\/a>.<\/p>\n\n\n\n<ol class=\"wp-block-list\" start=\"3\">\n<li><strong>Definitionen, Eigenschaften und Vorschriften f\u00fcr Cookies<\/strong><\/li>\n<\/ol>\n\n\n\n<p>Cookies sind kleine Textdateien, die von den vom Nutzer besuchten Websites gesendet und auf seinem Computer oder Mobilger\u00e4t gespeichert werden, um beim n\u00e4chsten Besuch wieder an dieselben Websites \u00fcbertragen zu werden. Dank der Cookies speichert eine Website die Handlungen und Pr\u00e4ferenzen des Nutzers (z. B. Anmeldedaten, gew\u00e4hlte Sprache, Schriftgr\u00f6\u00dfe usw.), damit diese nicht erneut angegeben werden m\u00fcssen, wenn der Nutzer zu dieser Website zur\u00fcckkehrt oder von einer Seite zur anderen navigiert. Cookies dienen daher der Computerauthentifizierung, der \u00dcberwachung von Sitzungen und der Speicherung von Informationen \u00fcber die Aktivit\u00e4ten der Nutzer, die eine Website besuchen. Sie k\u00f6nnen au\u00dferdem einen individuellen Identifizierungscode enthalten, der es erm\u00f6glicht, das Navigieren des Nutzers auf der Website zu statistischen oder Werbezwecken zu verfolgen.<\/p>\n\n\n\n<p>Beim Navigieren auf einer Website kann der Nutzer auf seinem Computer so genannte \u201eErstanbieter-Cookies\u201c erhalten, die unmittelbar vom Betreiber der Website installiert werden, sowie Cookies von anderen Websites oder Webservern (\u201eDrittanbieter-Cookies\u201c), die von einer anderen Partei als dem Betreiber der Website auf seinem Endger\u00e4t installiert werden.<\/p>\n\n\n\n<p>Bestimmte Operationen k\u00f6nnten ohne den Einsatz von Cookies nicht ausgef\u00fchrt werden, weshalb diese in bestimmten F\u00e4llen f\u00fcr den Betrieb der Website technisch notwendig sind.<\/p>\n\n\n\n<p>Es gibt unterschiedliche Arten von Cookies, abh\u00e4ngig von ihren Eigenschaften und Funktionen, die unterschiedlich lange auf dem Computer des Nutzers verbleiben k\u00f6nnen. Dabei wird zwischen sogenannten Sitzungs-Cookies, die beim Schlie\u00dfen des Browsers automatisch gel\u00f6scht werden, und sogenannten dauerhaften Cookies unterschieden, die auf dem Ger\u00e4t des Nutzers bis zu einem bestimmten Verfallsdatum verbleiben.<\/p>\n\n\n\n<p>Nach dem geltenden italienischen Recht ist die ausdr\u00fcckliche Einwilligung des Nutzers f\u00fcr die Verwendung von Cookies nicht immer erforderlich. Insbesondere ist eine solche Einwilligung nicht erforderlich f\u00fcr sogenannte \u201etechnische Cookies\u201c, d.h. solche, die allein zum Zweck der \u00dcbertragung einer Nachricht \u00fcber ein elektronisches Kommunikationsnetz verwendet werden, oder soweit sie unbedingt erforderlich sind, um eine vom Nutzer ausdr\u00fccklich angeforderte Dienstleistung zu erbringen. Es handelt sich mit anderen Worten um Cookies, die f\u00fcr den Betrieb der Website unerl\u00e4sslich oder f\u00fcr die Ausf\u00fchrung der vom Nutzer gew\u00fcnschten Aktivit\u00e4ten notwendig sind.<\/p>\n\n\n\n<p>Technische Cookies, f\u00fcr deren Nutzung keine ausdr\u00fcckliche Zustimmung erforderlich ist, sind ebenfalls vorhanden:<\/p>\n\n\n\n<ul class=\"wp-block-list\">\n<li><strong>analytische Cookies:<\/strong> Werden direkt vom Betreiber der Website eingesetzt, um Informationen in zusammengefasster Form \u00fcber die Anzahl der Nutzer und deren Besuch der Website zu sammeln;<\/li>\n\n\n\n<li><strong>Navigations- oder Sitzungscookies:<\/strong> Diese Cookies dienen der normalen Navigation und Nutzung der Website (z. B. zur Authentifizierung f\u00fcr den Zugang zu gesch\u00fctzten Bereichen);<\/li>\n\n\n\n<li><strong>Funktions-Cookies:<\/strong> Sie dienen dazu, dem Nutzer eine Navigation nach bestimmten Kriterien zu erm\u00f6glichen (z. B. Sprache, ausgew\u00e4hlte Produkte zum Kauf), um den Dienst f\u00fcr den Nutzer zu verbessern.<\/li>\n<\/ul>\n\n\n\n<p>F\u00fcr Profilierungs-Cookies hingegen, d.h. f\u00fcr Cookies, die dazu dienen, Profile des Nutzers zu erstellen und Werbebotschaften entsprechend den Pr\u00e4ferenzen, die der Nutzer beim Navigieren im Internet ge\u00e4u\u00dfert hat, zu senden, ist eine vorherige Einwilligung des Nutzers erforderlich.<\/p>\n\n\n\n<p>Die Website beinhaltet auch sogenannte \u201eWeb Beacons\u201c, d.h. Tools, die generell den Zweck haben, das Nutzerverhalten nachzuvollziehen und zu \u00fcberpr\u00fcfen, ob der Nutzer bestimmte Inhalte aufgerufen hat.<\/p>\n\n\n\n<p>Die auch als \u201eTracking-Pixel\u201c genannten Web Beacons sind transparente Bilder in der Gr\u00f6\u00dfe eines einzelnen Pixels (1&#215;1-Bilder, normalerweise eine GIF-Datei), mit denen sich auf Anforderung des Servers nachvollziehen l\u00e4sst, dass der Nutzer die Seite, die sie enth\u00e4lt, betrachtet. Tracking-Pixel werden in der Regel zur Erstellung von Nutzerprofilen aus kommerziellen Gr\u00fcnden installiert.<\/p>\n\n\n\n<div id=\"tipologie-cookie\"><\/div>\n\n\n\n<ol class=\"wp-block-list\" start=\"4\">\n<li><strong>Art der Cookies, die von der Website verwendet werden<\/strong><\/li>\n<\/ol>\n\n\n\n<p>Die Website benutzt die nachfolgenden Arten von Cookies von Erstanbietern und Drittanbietern, die \u00fcber das Bedienfeld auf dem Cookie-Banner auf der Startseite der Website ausgew\u00e4hlt und abgew\u00e4hlt werden k\u00f6nnen.<\/p>\n\n\n\n<p>Die Website beinhaltet insbesondere:<\/p>\n\n\n\n<ul class=\"wp-block-list\">\n<li>Technische Cookies;<\/li>\n\n\n\n<li>Funktions-Cookies (geh\u00f6ren zu den technischen Cookies);<\/li>\n\n\n\n<li>Analytische Cookies;<\/li>\n\n\n\n<li>Profilierungs-Cookies.<\/li>\n<\/ul>\n\n\n\n<p>In Bezug auf Cookies von Drittanbietern kann der Nutzer die entsprechenden Richtlinien einsehen, die unter den nachstehenden Links abgerufen werden k\u00f6nnen:<\/p>\n\n\n\n<ul class=\"wp-block-list\">\n<li><a href=\"https:\/\/policies.google.com\/privacy?hl=it&amp;gl=it\">Google<\/a>;<\/li>\n\n\n\n<li><a href=\"https:\/\/tools.google.com\/dlpage\/gaoptout\">Google Analytics<\/a>.<\/li>\n<\/ul>\n\n\n\n<p>Im Einzelnen werden die Cookies, die der f\u00fcr die Verarbeitung Verantwortliche \u00fcber die Website sendet, im Folgenden aufgef\u00fchrt:<\/p>\n\n\n\n<script id=\"CookieDeclaration\" src=\"https:\/\/consent.cookiebot.com\/7b0e38b9-2d36-41b3-8944-1aab5f691842\/cd.js\" type=\"text\/javascript\" async><\/script>\n\n\n\n<ol class=\"wp-block-list\" start=\"5\">\n<li><strong>Cookie-Einstellungen<\/strong><\/li>\n<\/ol>\n\n\n\n<p>Der Nutzer kann die Cookies auf der Website \u00fcber die spezifischen Funktionen seines Browsers blockieren oder l\u00f6schen (ganz oder teilweise). Wir weisen jedoch darauf hin, dass die Ablehnung von technischen Cookies dazu f\u00fchren kann, dass die Nutzung der Website, die Anzeige ihrer Inhalte und die Nutzung ihrer Dienste nicht m\u00f6glich sind. Die Deaktivierung von Funktions-Cookies kann andererseits dazu f\u00fchren, dass gewisse Dienste oder Funktionen der Website nicht zur Verf\u00fcgung stehen oder nicht ordnungsgem\u00e4\u00df funktionieren, und der Nutzer kann dazu gezwungen sein, bei jedem Besuch der Website bestimmte Informationen oder Einstellungen zu \u00e4ndern oder manuell einzugeben.<\/p>\n\n\n\n<p>Der Nutzer hat insbesondere die M\u00f6glichkeit, Cookies \u00fcber die speziellen Funktionen seines Browsers (ganz oder teilweise) zuzulassen, zu blockieren oder zu l\u00f6schen. Weitere Informationen zur Einstellung der Verwendung von Cookies \u00fcber Ihren Browser finden Sie in der folgenden Anleitung:<\/p>\n\n\n\n<ul class=\"wp-block-list\">\n<li><a href=\"https:\/\/support.microsoft.com\/it-it\/help\/17442\/windows-internet-explorer-delete-manage-cookies\">Internet Explorer<\/a>;<\/li>\n\n\n\n<li><a href=\"https:\/\/support.google.com\/chrome\/answer\/95647?hl=it&amp;topic=14666&amp;ctx=topic\">Google Chrome<\/a>;<\/li>\n\n\n\n<li><a href=\"https:\/\/support.apple.com\/it-it\/guide\/safari\/sfri11471\/mac\">Safari<\/a>;<\/li>\n\n\n\n<li><a href=\"https:\/\/support.mozilla.org\/it\/kb\/protezione-antitracciamento-avanzata-firefox-desktop?redirectslug=Attivare+e+disattivare+i+cookie&amp;redirectlocale=it\">Firefox<\/a>.<\/li>\n<\/ul>\n\n\n\n<ol class=\"wp-block-list\" start=\"6\">\n<li><strong>Einholung und Verwaltung der Einwilligung zur Verwendung von Cookies<\/strong><\/li>\n<\/ol>\n\n\n\n<p>Beim ersten Zugriff auf die Website wird dem Nutzer ein Banner mit einer kurzen Cookie-Richtlinie angezeigt. Der Nutzer bekommt also umgehend die M\u00f6glichkeit, seine Pr\u00e4ferenzen und W\u00fcnsche bez\u00fcglich der Cookies zu \u00e4u\u00dfern. Vor allem:<\/p>\n\n\n\n<ul class=\"wp-block-list\">\n<li>Indem er auf \u201eALLE COOKIES AKZEPTIEREN\u201c klickt, stimmt er der Installation s\u00e4mtlicher Cookies und anderer auf der Website verwendeter Technologien auf seinem Ger\u00e4t zu;<\/li>\n\n\n\n<li>Indem er auf \u201eALLE COOKIES ABLEHNEN\u201c rechts oben im Banner klickt, stimmt der Nutzer der Installation von Analyse- und Profilierungs-Cookies, f\u00fcr die eine Zustimmung erforderlich ist, nicht zu. Deshalb werden nur anonymisierte technische oder analytische Cookies auf dem Ger\u00e4t des Nutzers installiert, deren Installation keine Zustimmung erfordert;<\/li>\n\n\n\n<li>Durch Anklicken von \u201eVERWALTEN\u201c kann der Nutzer die einzelnen Cookies auf der Website, geordnet nach Typ, einsehen.<\/li>\n<\/ul>\n\n\n\n<p>Der Nutzer hat auf jeden Fall die M\u00f6glichkeit, seine Cookie-Pr\u00e4ferenzen jederzeit zu ver\u00e4ndern, und zwar \u00fcber den Link \u201eCookie-Richtlinie\u201c, der zu dieser ausf\u00fchrlichen Richtlinie f\u00fchrt (direkt \u00fcber das Banner oder anschlie\u00dfend \u00fcber den entsprechenden Link in der Fu\u00dfzeile der Website) und \u00fcber die entsprechenden Schaltfl\u00e4chen:<\/p>\n\n\n\n<p><a href=\"#tipologie-cookie\" data-type=\"internal\" data-id=\"#tipologie-cookie\">Klicken Sie hier, um die Zustimmung zu \u00e4ndern oder zu widerrufen<\/a><\/p>\n\n\n\n<ol class=\"wp-block-list\" start=\"7\">\n<li><strong>\u00dcbertragung von personenbezogenen Daten<\/strong><\/li>\n<\/ol>\n\n\n\n<p>Personenbezogene Daten, die mittels Erstanbieter-Cookies &#8211; also vom f\u00fcr die Verarbeitung Verantwortlichen installierten Cookies &#8211; auf der Website erfasst werden, werden nicht au\u00dferhalb der Europ\u00e4ischen Union \u00fcbertragen. In jedem Fall versteht es sich von selbst, dass der f\u00fcr die Verarbeitung Verantwortliche bei Bedarf auch personenbezogene Daten in Nicht-EU-L\u00e4nder \u00fcbermitteln kann, indem er bereits jetzt gew\u00e4hrleistet, dass die \u00dcbermittlung im Einklang mit den geltenden Rechtsvorschriften erfolgt, und daher, wenn und soweit erforderlich, besondere Vereinbarungen trifft, die ein ausreichendes Schutzniveau f\u00fcr personenbezogene Daten gew\u00e4hrleisten, oder auf jeden Fall die von der Europ\u00e4ischen Kommission vorgesehenen Standardvertragsklauseln f\u00fcr die \u00dcbermittlung personenbezogener Daten in L\u00e4nder au\u00dferhalb der EU \u00fcbernimmt.<\/p>\n\n\n\n<ol class=\"wp-block-list\" start=\"8\">\n<li><strong>Kategorien von Empf\u00e4ngern<\/strong><\/li>\n<\/ol>\n\n\n\n<p>\u00dcber Cookies erfasste personenbezogene Daten k\u00f6nnen an Dritte weitergegeben werden:<\/p>\n\n\n\n<ol class=\"wp-block-list\">\n<li>Personen, die vom f\u00fcr die Verarbeitung Verantwortlichen zur Verarbeitung personenbezogener Daten bevollm\u00e4chtigt wurden und die entsprechende betriebliche Anweisungen bekommen haben, sich zur Vertraulichkeit verpflichtet haben oder einer angemessenen gesetzlichen Verpflichtung zur Vertraulichkeit unterliegen;.<\/li>\n\n\n\n<li>Personen, die vom Datenbeauftragten mit der Ausf\u00fchrung von T\u00e4tigkeiten beauftragt und\/oder eingeteilt wurden, die ausschlie\u00dflich der Verfolgung bestimmter Zwecke dienen (z. B. und nicht beschr\u00e4nkt auf technische Wartungsarbeiten an den Systemen), die rechtm\u00e4ssig zum Datenverarbeiter ernannt wurden.<\/li>\n<\/ol>\n\n\n\n<p>9. <strong>Rechte des Interessenten<\/strong><\/p>\n\n\n\n<p>Laut den DSGVO-Bestimmungen haben Sie jederzeit das Recht, vom Datenverantwortlichen Informationen \u00fcber Ihre personenbezogenen Daten, deren Berichtigung oder L\u00f6schung oder deren Verarbeitung beantragen. Das Gesetz erm\u00f6glicht es Ihnen zudem, das Recht auf Einschr\u00e4nkung der Verarbeitung auszu\u00fcben, und zwar in den in Art. 18 DSGVO vorgesehenen F\u00e4llen. Zudem k\u00f6nnen Sie die betreffenden Daten in einem strukturierten Format zu erhalten, das allgemein genutzt und von automatischen Ger\u00e4ten gelesen werden kann, laut Art. 20 DSGVO.<\/p>\n\n\n\n<p>Anfragen k\u00f6nnen an die folgende E-Mail-Adresse gesendet werden: <a href=\"mailto:privacy@tecnicagroup.com\">privacy@tecnicagroup.com<\/a>.<\/p>\n\n\n\n<p>Abschlie\u00dfend m\u00f6chten wir Sie darauf aufmerksam machen, dass Sie jederzeit das Recht aus\u00fcben k\u00f6nnen, eine Beschwerde bei der zust\u00e4ndigen Aufsichtsbeh\u00f6rde (Garant f\u00fcr den Schutz personenbezogener Daten) einzureichen, laut Art. 77 DSGVO, falls Sie meinen, dass die Verarbeitung Ihrer personenbezogenen Daten im Widerspruch zu den geltenden Rechtsvorschriften steht.<\/p>\n","protected":false},"excerpt":{"rendered":"<p>Tecnica Group S.p.A. (nachfolgend \u201eEigent\u00fcmer\u201c oder \u201eGesellschaft\u201c) stellt Ihnen gem\u00e4\u00df Artikel 13 der Allgemeinen Datenschutzverordnung Nr. 2016\/679 (nachfolgend \u201eDSGVO\u201c) Informationen zur Verarbeitung Ihrer personenbezogenen Daten zur Verf\u00fcgung, die \u00fcber Cookies, Web Beacons, Web Bugs, Clear GIFs und \u00e4hnliche Technologien auf [&hellip;]<\/p>\n","protected":false},"author":1,"featured_media":0,"parent":0,"menu_order":0,"comment_status":"closed","ping_status":"closed","template":"page-terms-privacy.php","meta":{"footnotes":""},"class_list":["post-2004","page","type-page","status-publish","hentry"],"_links":{"self":[{"href":"https:\/\/www.tecnicagroup.com\/de\/wp-json\/wp\/v2\/pages\/2004","targetHints":{"allow":["GET"]}}],"collection":[{"href":"https:\/\/www.tecnicagroup.com\/de\/wp-json\/wp\/v2\/pages"}],"about":[{"href":"https:\/\/www.tecnicagroup.com\/de\/wp-json\/wp\/v2\/types\/page"}],"author":[{"embeddable":true,"href":"https:\/\/www.tecnicagroup.com\/de\/wp-json\/wp\/v2\/users\/1"}],"replies":[{"embeddable":true,"href":"https:\/\/www.tecnicagroup.com\/de\/wp-json\/wp\/v2\/comments?post=2004"}],"version-history":[{"count":11,"href":"https:\/\/www.tecnicagroup.com\/de\/wp-json\/wp\/v2\/pages\/2004\/revisions"}],"predecessor-version":[{"id":2731,"href":"https:\/\/www.tecnicagroup.com\/de\/wp-json\/wp\/v2\/pages\/2004\/revisions\/2731"}],"wp:attachment":[{"href":"https:\/\/www.tecnicagroup.com\/de\/wp-json\/wp\/v2\/media?parent=2004"}],"curies":[{"name":"wp","href":"https:\/\/api.w.org\/{rel}","templated":true}]}}