{"id":3249,"date":"2025-11-18T16:45:44","date_gmt":"2025-11-18T15:45:44","guid":{"rendered":"https:\/\/www.tecnicagroup.com\/?page_id=3249"},"modified":"2025-11-18T16:45:45","modified_gmt":"2025-11-18T15:45:45","slug":"informationen-zur-zugaenglichkeit","status":"publish","type":"page","link":"https:\/\/www.tecnicagroup.com\/de\/informationen-zur-zugaenglichkeit\/","title":{"rendered":"INFORMATIONEN ZUR ZUG\u00c4NGLICHKEIT"},"content":{"rendered":"\n<p><a><\/a> Gemeinsam mit unseren ausgew\u00e4hlten Lieferanten setzen wir uns daf\u00fcr ein, dass unsere Dienstleistungen f\u00fcr Menschen mit Behinderungen zug\u00e4nglich sind, und haben erhebliche Ressourcen investiert, um sicherzustellen, dass unsere Website benutzerfreundlicher und zug\u00e4nglicher f\u00fcr Menschen mit Behinderungen ist, in der festen \u00dcberzeugung, dass jeder Mensch das Recht hat, in W\u00fcrde, Gleichheit, Komfort und Unabh\u00e4ngigkeit zu leben.<\/p>\n\n\n\n<p>Aus diesem Grund streben wir st\u00e4ndig danach, die Zug\u00e4nglichkeit aller Webseiten zu verbessern, da wir der \u00dcberzeugung sind, dass es unsere gemeinsame moralische Verpflichtung ist, eine reibungslose, barrierefreie und hindernisfreie Nutzung auch f\u00fcr Menschen mit Behinderungen zu erm\u00f6glichen.<\/p>\n\n\n\n<p>In dem st\u00e4ndigen Bestreben, Zug\u00e4nglichkeitsprobleme kontinuierlich zu verbessern und zu l\u00f6sen, scannen wir regelm\u00e4\u00dfig alle Webseiten mit Zug\u00e4nglichkeitsscannern, die von Dritthandelspartnern zur Verf\u00fcgung gestellt werden, um m\u00f6gliche Zug\u00e4nglichkeitsbarrieren auf unserer Website zu identifizieren und zu beheben. Trotz unserer Bem\u00fchungen, alle unsere Webseiten und Inhalte vollst\u00e4ndig zug\u00e4nglich zu machen, wurden einige Inhalte m\u00f6glicherweise noch nicht vollst\u00e4ndig an die strengsten Zug\u00e4nglichkeitsstandards angepasst. Dies kann daran liegen, dass wir die am besten geeignete technologische L\u00f6sung nicht gefunden oder identifiziert haben.<\/p>\n\n\n\n<p><strong>Konformit\u00e4tsstatus<\/strong><\/p>\n\n\n\n<p>Diese Website wurde so konzipiert, dass sie der technischen Norm UNI CEI EN 301549 f\u00fcr Websites und mobile Anwendungen sowie dem Barrierefreiheitsniveau \u201eAA\u201c der WCAG 2.1-Richtlinien f\u00fcr barrierefreie Webinhalte entspricht.<\/p>\n\n\n\n<p><strong>Aktivierung des Bedienungshilfen-Men\u00fcs<\/strong><\/p>\n\n\n\n<p>Diese Website verwendet das UserWay Accessibility Widget, das durch Anklicken des entsprechenden Symbols aktiviert werden kann.<\/p>\n\n\n\n<p>Sobald das Dashboard des Widgets ge\u00f6ffnet ist, kann der Benutzer auf eine Reihe von Optionen zugreifen, die er nach Belieben aktivieren kann, um sein Surferlebnis innerhalb der Dom\u00e4ne zu \u00e4ndern, die wir unten auflisten.<\/p>\n\n\n\n<ul class=\"wp-block-list\">\n<li><strong>Profil f\u00fcr Menschen mit motorischen Einschr\u00e4nkungen.<\/strong> Blockieren von Animationen und Erleichterungen bei der Verwendung von Befehlen.<\/li>\n\n\n\n<li><strong>Screenreader.<\/strong> Bildschirmsprachausgabe f\u00fcr Blinde geeignet.<\/li>\n\n\n\n<li><strong>Profil f\u00fcr farbenblinde Menschen.<\/strong> Intelligente Farbkontrasteinstellung.<\/li>\n\n\n\n<li><strong>Profil f\u00fcr Sehbehinderte geeignet.<\/strong> Verbessert die Sichtbarkeit der Website.<\/li>\n\n\n\n<li><strong>Profil f\u00fcr Menschen mit kognitiven Behinderungen geeignet.<\/strong> Hilft beim Lesen und Konzentrieren.<\/li>\n<\/ul>\n\n\n\n<ul class=\"wp-block-list\">\n<li><strong>Krampfsicheres Profil.<\/strong> Beseitigt Reflexionen und reduziert die Farbe.<\/li>\n\n\n\n<li><strong>F\u00fcr Menschen mit ADHS geeignetes Profil.<\/strong> Erm\u00f6glicht mehr Konzentration und weniger Ablenkungen.<\/li>\n\n\n\n<li><strong>Einstellung von Inhalt, Farbe und Ausrichtung.<\/strong> Beispielsweise k\u00f6nnen Sie damit die Gr\u00f6\u00dfe des Textes auf dem Bildschirm vergr\u00f6\u00dfern, die Farbintensit\u00e4t einstellen, Farben umkehren oder deren Kontrast \u00e4ndern sowie Links, Schaltfl\u00e4chen und andere interaktive Elemente hervorheben.<\/li>\n<\/ul>\n\n\n\n<p><strong>Nicht zug\u00e4ngliche Inhalte<\/strong><\/p>\n\n\n\n<p>Trotz unserer Bem\u00fchungen, die Zug\u00e4nglichkeit der Website und ihrer Seiten zu gew\u00e4hrleisten, k\u00f6nnen Sie auf einige Einschr\u00e4nkungen sto\u00dfen, an deren Behebung wir arbeiten werden.<\/p>\n\n\n\n<p>Zu diesem Zweck k\u00f6nnen Sie uns etwaige Einschr\u00e4nkungen der Zug\u00e4nglichkeit unter <a href=\"mailto:accessibility@tecnicagroup.com\">accessibility@tecnicagroup.com<\/a> melden<\/p>\n\n\n\n<p><strong>Datum der letzten Aktualisierung dieser Seite zur Zug\u00e4nglichkeit<\/strong><\/p>\n\n\n\n<p>Version 1.0 vom 17\/11\/2025<\/p>\n","protected":false},"excerpt":{"rendered":"<p>Gemeinsam mit unseren ausgew\u00e4hlten Lieferanten setzen wir uns daf\u00fcr ein, dass unsere Dienstleistungen f\u00fcr Menschen mit Behinderungen zug\u00e4nglich sind, und haben erhebliche Ressourcen investiert, um sicherzustellen, dass unsere Website benutzerfreundlicher und zug\u00e4nglicher f\u00fcr Menschen mit Behinderungen ist, in der festen [&hellip;]<\/p>\n","protected":false},"author":1,"featured_media":0,"parent":0,"menu_order":0,"comment_status":"closed","ping_status":"closed","template":"","meta":{"footnotes":""},"class_list":["post-3249","page","type-page","status-publish","hentry"],"_links":{"self":[{"href":"https:\/\/www.tecnicagroup.com\/de\/wp-json\/wp\/v2\/pages\/3249","targetHints":{"allow":["GET"]}}],"collection":[{"href":"https:\/\/www.tecnicagroup.com\/de\/wp-json\/wp\/v2\/pages"}],"about":[{"href":"https:\/\/www.tecnicagroup.com\/de\/wp-json\/wp\/v2\/types\/page"}],"author":[{"embeddable":true,"href":"https:\/\/www.tecnicagroup.com\/de\/wp-json\/wp\/v2\/users\/1"}],"replies":[{"embeddable":true,"href":"https:\/\/www.tecnicagroup.com\/de\/wp-json\/wp\/v2\/comments?post=3249"}],"version-history":[{"count":2,"href":"https:\/\/www.tecnicagroup.com\/de\/wp-json\/wp\/v2\/pages\/3249\/revisions"}],"predecessor-version":[{"id":3252,"href":"https:\/\/www.tecnicagroup.com\/de\/wp-json\/wp\/v2\/pages\/3249\/revisions\/3252"}],"wp:attachment":[{"href":"https:\/\/www.tecnicagroup.com\/de\/wp-json\/wp\/v2\/media?parent=3249"}],"curies":[{"name":"wp","href":"https:\/\/api.w.org\/{rel}","templated":true}]}}