{"id":544,"date":"2020-12-18T11:32:14","date_gmt":"2020-12-18T10:32:14","guid":{"rendered":"https:\/\/www.tecnicagroup.com\/brand-detail-tecnica\/"},"modified":"2021-04-19T12:30:13","modified_gmt":"2021-04-19T10:30:13","slug":"brand-detail-tecnica","status":"publish","type":"page","link":"https:\/\/www.tecnicagroup.com\/de\/brand-detail-tecnica\/","title":{"rendered":"Brand Detail Tecnica"},"content":{"rendered":"\n<p>Tecnica wurde 1960 in einer kleinen Werkstatt f\u00fcr Arbeitsstiefel geboren und entwickelte sich im Laufe der Jahre zu einer der gr\u00f6\u00dften Marken auf dem Weltmarkt f\u00fcr Sportschuhe, von Outdoor-Schuhen bis zu Skischuhen.<\/p>\n","protected":false},"excerpt":{"rendered":"<p>Tecnica wurde 1960 in einer kleinen Werkstatt f\u00fcr Arbeitsstiefel geboren und entwickelte sich im Laufe der Jahre zu einer der gr\u00f6\u00dften Marken auf dem Weltmarkt f\u00fcr Sportschuhe, von Outdoor-Schuhen bis zu Skischuhen.<\/p>\n","protected":false},"author":1,"featured_media":0,"parent":0,"menu_order":0,"comment_status":"closed","ping_status":"closed","template":"page-brand-detail-tecnica.php","meta":{"footnotes":""},"class_list":["post-544","page","type-page","status-publish","hentry"],"_links":{"self":[{"href":"https:\/\/www.tecnicagroup.com\/de\/wp-json\/wp\/v2\/pages\/544","targetHints":{"allow":["GET"]}}],"collection":[{"href":"https:\/\/www.tecnicagroup.com\/de\/wp-json\/wp\/v2\/pages"}],"about":[{"href":"https:\/\/www.tecnicagroup.com\/de\/wp-json\/wp\/v2\/types\/page"}],"author":[{"embeddable":true,"href":"https:\/\/www.tecnicagroup.com\/de\/wp-json\/wp\/v2\/users\/1"}],"replies":[{"embeddable":true,"href":"https:\/\/www.tecnicagroup.com\/de\/wp-json\/wp\/v2\/comments?post=544"}],"version-history":[{"count":4,"href":"https:\/\/www.tecnicagroup.com\/de\/wp-json\/wp\/v2\/pages\/544\/revisions"}],"predecessor-version":[{"id":1098,"href":"https:\/\/www.tecnicagroup.com\/de\/wp-json\/wp\/v2\/pages\/544\/revisions\/1098"}],"wp:attachment":[{"href":"https:\/\/www.tecnicagroup.com\/de\/wp-json\/wp\/v2\/media?parent=544"}],"curies":[{"name":"wp","href":"https:\/\/api.w.org\/{rel}","templated":true}]}}