{"id":571,"date":"2020-12-21T11:39:26","date_gmt":"2020-12-21T10:39:26","guid":{"rendered":"https:\/\/www.tecnicagroup.com\/privacy-policy\/"},"modified":"2025-02-05T17:21:49","modified_gmt":"2025-02-05T16:21:49","slug":"privacy-policy","status":"publish","type":"page","link":"https:\/\/www.tecnicagroup.com\/de\/privacy-policy\/","title":{"rendered":"DATENSCHUTZBESTIMMUNGEN F\u00dcR NUTZER DER WEBSITE"},"content":{"rendered":"\n<figure class=\"wp-block-table\"><table><tbody><tr><td>Wir bitten Sie, diese Datenschutzrichtlinie (nachfolgend &#8222;Datenschutzrichtlinie&#8220;), die den Nutzern der Website <a href=\"https:\/\/www.tecnicagroup.com\/it\/\">https:\/\/www.tecnicagroup.com<\/a> (nachfolgend \u201e<strong>Website<\/strong>\u201c) zur Verf\u00fcgung gestellt wird, aufmerksam zu lesen. Sie wurde gem\u00e4\u00df Artikel 13 der Allgemeinen Datenschutzverordnung Nr. 2016\/679 (nachfolgend auch \u201e<strong>DSGVO<\/strong>\u201c) erstellt, und enth\u00e4lt alle Informationen \u00fcber die Verarbeitung Ihrer personenbezogenen Daten (nachfolgend auch \u201e<strong>Daten<\/strong>\u201c) und deren Verwendung.<\/td><\/tr><\/tbody><\/table><\/figure>\n\n\n\n<figure class=\"wp-block-table\"><table><tbody><tr><td>Bitte ber\u00fccksichtigen Sie, dass die Datenschutzerkl\u00e4rung nur f\u00fcr die Datenverarbeitung auf der Website und nicht f\u00fcr die Verarbeitung auf anderen und zus\u00e4tzlichen Websites gilt, selbst wenn diese \u00fcber Links auf der Website selbst zug\u00e4nglich sind.<\/td><\/tr><\/tbody><\/table><\/figure>\n\n\n\n<p><strong>1. Datenverantwortlicher und Kontaktangaben<\/strong><\/p>\n\n\n\n<figure class=\"wp-block-table\"><table><tbody><tr><td>Der Datenverantwortliche ist Tecnica Group S.p.A., via Fante d&#8217;Italia, 56 &#8211; 31040, Giavera del Montello (TV), C.F. und P.IVA 00195810262 (nachfolgend \u201e<strong>Datenverantwortlicher<\/strong>\u201c oder \u201e<strong>Gesellschaft<\/strong>\u201c genannt).<br>E-Mail-Adresse: <a href=\"mailto:privacy@tecnicagroup.com\">privacy@tecnicagroup.com<\/a><\/td><\/tr><\/tbody><\/table><\/figure>\n\n\n\n<p><strong>2. Kontaktinformationen des Datenschutzbeauftragten (DSB)<\/strong><\/p>\n\n\n\n<figure class=\"wp-block-table\"><table><tbody><tr><td>Sie k\u00f6nnen sich an den Datenschutzbeauftragten (DSB) wenden, indem Sie an folgende Adresse schreiben: <a href=\"mailto:privacy@tecnicagroup.com\">privacy@tecnicagroup.com<\/a><\/td><\/tr><\/tbody><\/table><\/figure>\n\n\n\n<p><strong>3. Art der verarbeiteten Daten<\/strong><\/p>\n\n\n\n<p><strong>3.1 Navigationsdaten<\/strong><\/p>\n\n\n\n<figure class=\"wp-block-table\"><table><tbody><tr><td>Wir erfassen die folgenden Daten \u00fcber die vom Nutzer in Anspruch genommenen Dienste.<\/td><\/tr><\/tbody><\/table><\/figure>\n\n\n\n<figure class=\"wp-block-table\"><table><tbody><tr><td><strong>Technische Daten<\/strong><br>Diese Datenkategorie umfasst die IP-Adressen oder Dom\u00e4nennamen der Computer, die von den Nutzern verwendet werden, die eine Verbindung zur Website herstellen, die URI (<em>Uniform Resource Identifier<\/em>)-Notationsadressen der angefragten Ressourcen, den Zeitpunkt der Anfrage, die zur \u00dcbermittlung der Anfrage an den Server verwendete Methode, die Gr\u00f6\u00dfe der erhaltenen Antwortdatei, den numerischen Code, der den vom Server gegebenen Status der Antwort angibt (erfolgreich, Fehler usw.), und andere Parameter in Bezug auf das Betriebssystem und die Computerumgebung des Nutzers. Diese Daten werden ausschlie\u00dflich zu statistischen Zwecken (d.h. in anonymer Form) und zur \u00dcberpr\u00fcfung des ordnungsgem\u00e4\u00dfen Funktionierens der Website verwendet und unmittelbar nach der Verarbeitung gel\u00f6scht. Die Daten k\u00f6nnen zur Feststellung der Haftung im Falle hypothetischer Computerstraftaten zu Ungunsten der Website verwendet werden. Abgesehen von diesem Fall bleiben die Webkontaktdaten nicht l\u00e4nger als 30 Tage erhalten.<\/td><\/tr><\/tbody><\/table><\/figure>\n\n\n\n<figure class=\"wp-block-table\"><table><tbody><tr><td><strong>Cookie<\/strong><br>Die Website erfasst Daten mithilfe von Cookies oder \u00e4hnlichen Technologien. Weitere Informationen finden Sie in der \u201e<strong><a href=\"https:\/\/www.tecnicagroup.com\/de\/cookie-richtlinie\/\" data-type=\"page\" data-id=\"2004\">Cookie-Richtlinie<\/a><\/strong>\u201c der Website.<\/td><\/tr><\/tbody><\/table><\/figure>\n\n\n\n<p><strong>3.2 Vom Nutzer freiwillig bereitgestellte Daten<\/strong><\/p>\n\n\n\n<p>Die Website erm\u00f6glicht es den Nutzern, freiwillig personenbezogene Daten anzugeben, z. B. durch Ausf\u00fcllen der Formulare \u201e<em>Kontakt<\/em>\u201c auf der Website.<\/p>\n\n\n\n<p><strong>Von der Website angebotene Dienste<\/strong><\/p>\n\n\n\n<p>Im Folgenden werden die auf der Website angebotenen Dienste beschrieben. F\u00fcr jeden der angebotenen Dienste wird angegeben, zu welchen Zwecken die Daten verarbeitet werden, auf welchen Rechtsgrundlagen die Verarbeitung erfolgt und f\u00fcr welche Zeitr\u00e4ume die verarbeiteten Daten gespeichert werden<\/p>\n\n\n\n<p><strong>4.1 Abschnitt \u201eKontakt\u201c<\/strong><\/p>\n\n\n\n<p>Auf der Website gibt es einen Abschnitt \u201e<em>Kontakt<\/em>\u201c. Letztere erm\u00f6glicht es dem Nutzer, eigene Informationsanfragen an die Gesellschaft zu \u00fcbermitteln. Um diesen Dienst bereitstellen zu k\u00f6nnen, muss der Nutzer unbedingt die folgenden personenbezogenen Daten angeben: Vorname, Nachname, Geschlecht, Postleitzahl, Bundesland, E-Mail-Adresse.<\/p>\n\n\n\n<p><strong>Zweck der Verarbeitung:<\/strong> R\u00fcckmeldungen auf Informationsanfragen des Nutzers.<\/p>\n\n\n\n<p><strong>Rechtsgrundlage der Verarbeitung:<\/strong> Art. 6, Abs. 1, Buchstabe b) der DSGVO, \u201e<em>Erf\u00fcllung eines Vertrags, an dem die betroffene Person beteiligt ist, oder Durchf\u00fchrung vorvertraglicher Ma\u00dfnahmen, die auf Antrag der betroffenen Person erfolgen<\/em>\u201c.<\/p>\n\n\n\n<p><strong>Aufbewahrungsfrist:<\/strong> Personenbezogene Daten werden f\u00fcr eine Dauer von maximal 24 Monaten ab dem Zeitpunkt ihrer \u00dcbermittlung aufbewahrt.<\/p>\n\n\n\n<p><strong>Weitere Zwecke der Verarbeitung<\/strong><\/p>\n\n\n\n<p>Im Zusammenhang mit der Verarbeitung personenbezogener Daten \u00fcber die Website verfolgt der f\u00fcr die Verarbeitung Verantwortliche die folgenden weiteren spezifischen Zwecke:<\/p>\n\n\n\n<p><strong>5.1 Erf\u00fcllung der gesetzlichen Verpflichtungen<\/strong><\/p>\n\n\n\n<p>Der f\u00fcr die Datenverarbeitung Verantwortliche behandelt die \u00fcber die Website erhobenen personenbezogenen Daten der betroffenen Personen, sofern dies notwendig ist, um die Erf\u00fcllung der gesetzlichen Verpflichtungen, Verordnungen und Gemeinschaftsvorschriften, denen er unterliegt, zu gew\u00e4hrleisten.<\/p>\n\n\n\n<p><strong>Rechtsgrundlage der Verarbeitung:<\/strong> Art. 6, Abs. 1, Buchstabe c) der DSGVO: \u201e<em>Die Verarbeitung ist erforderlich zur Erf\u00fcllung einer gesetzlichen Verpflichtung, welcher der f\u00fcr die Verarbeitung Verantwortliche unterliegt<\/em>\u201c.<\/p>\n\n\n\n<p><strong>Aufbewahrungsfristen:<\/strong> Personenbezogene Daten werden nur so lange gespeichert, wie dies f\u00fcr die Erf\u00fcllung der gesetzlichen Verpflichtungen des f\u00fcr die Verarbeitung Verantwortlichen unbedingt erforderlich ist.<\/p>\n\n\n\n<p><strong>5.2 Geltendmachung, Aus\u00fcbung und Verteidigung von Rechten vor Gericht<\/strong><\/p>\n\n\n\n<p>Der f\u00fcr die Datenverarbeitung Verantwortliche verarbeitet gegebenenfalls die personenbezogenen Daten der betroffenen Personen, die \u00fcber die Website erhoben wurden, um vor Gericht ein Recht zu begr\u00fcnden, auszu\u00fcben oder zu verteidigen oder wenn die Justizbeh\u00f6rden ihre gerichtlichen Funktionen aus\u00fcben.<\/p>\n\n\n\n<p><strong>Rechtsgrundlage der Verarbeitung:<\/strong> Art. 6, Abs. 1, Buchstabe f) der DSGVO: \u201e<em>Die Verarbeitung ist erforderlich f\u00fcr die Erf\u00fcllung des berechtigten Interesses des Datenverantwortlichen<\/em>\u201c.<\/p>\n\n\n\n<p><strong>Aufbewahrungsfristen:<\/strong> Personenbezogene Daten werden f\u00fcr die Dauer des Rechtsstreits aufbewahrt, bis die Frist f\u00fcr die Einlegung von Rechtsmitteln abgelaufen ist.<\/p>\n\n\n\n<p><strong>5.3 Direktmarketing-Aktivit\u00e4ten<\/strong><\/p>\n\n\n\n<p>Ihre personenbezogenen Daten werden mit Ihrer freien und ausdr\u00fccklichen Einwilligung von den f\u00fcr die Verarbeitung Verantwortlichen verarbeitet, um Sie \u00fcber Werbe-, Handels- und Werbeinitiativen, Veranstaltungen und Initiativen in \u00dcbereinstimmung mit den Bestimmungen der italienischen Datenschutzbeh\u00f6rde \u201e<em>Leitlinien f\u00fcr Werbema\u00dfnahmen und die Bek\u00e4mpfung von Spam &#8211; 4. Juli 2013 [2542348]<\/em>\u201c zu informieren. Wir teilen Ihnen mit, dass diese Aktivit\u00e4ten per Briefpost, telefonischer Kontaktaufnahme durch den Betreiber (sog. \u201etraditionelle Methoden\u201c), E-Mail, Versand von Textnachrichten, Push-Benachrichtigungen und Nutzung sozialer Netzwerke (sog. \u201eautomatisierte Methoden\u201c) erfolgen k\u00f6nnen. Dar\u00fcber hinaus verarbeiten wir Ihre Daten f\u00fcr Analysen und Berichterstattungen im Zusammenhang mit Werbekommunikationssystemen. Ohne Ihre ausdr\u00fcckliche Einwilligung f\u00fcr diesen Zweck k\u00f6nnen wir Ihre personenbezogenen Daten nicht f\u00fcr Zwecke des Direktmarketings verarbeiten und Sie somit nicht \u00fcber neue Produkte und\/oder aktuelle Werbeaktionen informieren.<\/p>\n\n\n\n<p><strong>Rechtsgrundlage f\u00fcr die Verarbeitung: <\/strong>Einwilligung des Betroffenen ex Art. 6, Abs. 1 Buchstabe a) des DSGVO: \u201e<em>Die betroffene Person hat ihre Einwilligung zu der Verarbeitung der sie betreffenden personenbezogenen Daten f\u00fcr einen oder mehrere bestimmte Zwecke gegeben<\/em>\u201c.<\/p>\n\n\n\n<p><strong>Aufbewahrungsfristen:<\/strong> Personenbezogene Daten werden so lange gespeichert, bis der Nutzer seine Einwilligung widerruft. Die Kaufdaten f\u00fcr Marketingzwecke werden 24 Monate lang gespeichert.Dies betrifft keinesfalls die M\u00f6glichkeit f\u00fcr den f\u00fcr die Datenverarbeitung Verantwortlichen, die personenbezogenen Daten des Nutzers aufzubewahren, um nachzuweisen, dass der Grundsatz der Rechenschaftspflicht gem\u00e4\u00df Artikel 5 DSGVO eingehalten wird.<\/p>\n\n\n\n<p><strong>5.4 Profilierung<\/strong><\/p>\n\n\n\n<p>Sofern Sie Ihre freie, fakultative und ausdr\u00fcckliche Einwilligung erteilen, werden wir Ihre personenbezogenen Daten zum Zwecke der Profilierung verarbeiten. Vor allem durch Anfragen \u00fcber das Kontaktformular auf der Website und die Auswahl von Marken, f\u00fcr die Sie ein Interesse bekundet haben, sowie durch die Beobachtung Ihres Verhaltens und Ihrer Interaktionen werden wir Ihre Verhaltensweisen genauer bewerten und Ihre Vorlieben, Interessen und Konsumgewohnheiten analysieren. Wenn Sie nicht ausdr\u00fccklich eingewilligt haben, k\u00f6nnen wir Ihre personenbezogenen Daten nicht f\u00fcr Profilierungszwecke verarbeiten.<\/p>\n\n\n\n<p><strong>Rechtsgrundlage f\u00fcr die Verarbeitung: <\/strong>Einwilligung des Betroffenen ex Art. 6, Abs. 1 Buchstabe a) des DSGVO: \u201e<em>Die betroffene Person hat ihre Einwilligung zu der Verarbeitung der sie betreffenden personenbezogenen Daten f\u00fcr einen oder mehrere bestimmte Zwecke gegeben<\/em>\u201c.<\/p>\n\n\n\n<p><strong>Aufbewahrungsfristen:<\/strong> Personenbezogene Daten werden so lange gespeichert, bis der Nutzer seine Einwilligung widerruft. Die Kaufdaten f\u00fcr Profilierungszwecke werden 12 Monate lang gespeichert.Dies betrifft keinesfalls die M\u00f6glichkeit f\u00fcr den f\u00fcr die Datenverarbeitung Verantwortlichen, die personenbezogenen Daten des Nutzers aufzubewahren, um nachzuweisen, dass der Grundsatz der Rechenschaftspflicht gem\u00e4\u00df Artikel 5 DSGVO eingehalten wird.<\/p>\n\n\n\n<p><strong>Empf\u00e4nger und Weitergabe von personenbezogenen Daten<\/strong><\/p>\n\n\n\n<p>Die Daten k\u00f6nnen von Personen verarbeitet werden, die als eigenst\u00e4ndige Inhaber der Datenverarbeitung handeln, wie zum Beispiel: Beh\u00f6rden, Aufsichts- und Kontrollorgane und im Allgemeinen \u00f6ffentliche oder private Personen, die berechtigt sind, die Daten anzufordern.<\/p>\n\n\n\n<p>Die Daten k\u00f6nnen im Auftrag der Gesellschaft auch von externen Parteien verarbeitet werden, die als Datenverarbeiter (gem\u00e4\u00df Artikel 28 der DSGVO) bezeichnet werden und entsprechende Betriebsanweisungen erhalten. Diese Parteien k\u00f6nnen im Wesentlichen in die folgenden Kategorien eingeteilt werden:<\/p>\n\n\n\n<ol class=\"wp-block-list\" style=\"list-style-type:lower-alpha\">\n<li>Gesellschaften der Tecnica Group (gem\u00e4\u00df Artikel 2359 des Zivilgesetzbuches);<\/li>\n\n\n\n<li>Gesellschaften, die E-Mail-Dienste anbieten;<\/li>\n\n\n\n<li>Gesellschaften, die Dienstleistungen erbringen, die zur Verfolgung der in dieser Richtlinie genannten Zwecke beitragen (Medienagenturen, IT-Lieferanten, Spediteure usw.);<\/li>\n\n\n\n<li>Unternehmen, die Dienstleistungen im Zusammenhang mit der Verwaltung und\/oder Wartung der Website der Gesellschaft erbringen;<\/li>\n\n\n\n<li>Gesellschaften, die bei der Durchf\u00fchrung von Marktstudien Unterst\u00fctzung anbieten.<\/li>\n<\/ol>\n\n\n\n<p>Personenbezogene Daten werden nicht au\u00dferhalb der Europ\u00e4ischen Union \u00fcbermittelt. In jedem Fall versteht es sich von selbst, dass der f\u00fcr die Verarbeitung Verantwortliche bei Bedarf auch personenbezogene Daten in Nicht-EU-L\u00e4nder \u00fcbermitteln kann, indem er bereits jetzt gew\u00e4hrleistet, dass die \u00dcbermittlung im Einklang mit den geltenden Rechtsvorschriften erfolgt, und daher, wenn und soweit erforderlich, besondere Vereinbarungen trifft, die ein ausreichendes Schutzniveau f\u00fcr personenbezogene Daten gew\u00e4hrleisten, oder auf jeden Fall die von der Europ\u00e4ischen Kommission vorgesehenen Standardvertragsklauseln f\u00fcr die \u00dcbermittlung personenbezogener Daten in L\u00e4nder au\u00dferhalb der EU \u00fcbernimmt.<\/p>\n\n\n\n<p><strong>Zur Verarbeitung berechtigte Personen<\/strong><\/p>\n\n\n\n<p>Die Daten k\u00f6nnen von Mitarbeitern und\/oder Angestellten des f\u00fcr die Datenverarbeitung Verantwortlichen und\/oder des Datenverarbeiters verarbeitet werden, die mit den oben genannten Zwecken betraut sind, ausdr\u00fccklich zur Verarbeitung der Daten erm\u00e4chtigt wurden und entsprechende Arbeitsanweisungen erhalten haben.<\/p>\n\n\n\n<p><strong>Widerruf der Einwilligung und Aus\u00fcbung der Rechte der betroffenen Personen<\/strong><\/p>\n\n\n\n<p>Die betroffenen Personen k\u00f6nnen sich per E-Mail an den f\u00fcr die Verarbeitung Verantwortlichen wenden, und zwar unter folgender E-Mail-Adresse: <a href=\"mailto:privacy@tecnicagroup.com\">privacy@tecnicagroup.com<\/a>.<\/p>\n\n\n\n<p>Die betroffenen Personen haben das Recht, von dem f\u00fcr die Verarbeitung Verantwortlichen Zugang zu den sie betreffenden Daten, deren L\u00f6schung, die Berichtigung falscher Daten, die Vervollst\u00e4ndigung unvollst\u00e4ndiger Daten, die Einschr\u00e4nkung der Verarbeitung in den in Artikel 18 DSGVO vorgesehenen F\u00e4llen sowie den Einspruch gegen die Verarbeitung aus mit ihrer besonderen Situation zusammenh\u00e4ngenden Gr\u00fcnden zu verlangen, wenn ein berechtigtes Interesse des f\u00fcr die Verarbeitung Verantwortlichen besteht.<\/p>\n\n\n\n<p>Wenn Sie von Ihrem Recht auf L\u00f6schung Gebrauch machen, werden die Daten, die Sie betreffen, von den f\u00fcr die Verarbeitung Verantwortlichen nicht nur von der Website, sondern auch von allen Datenbanken der Gesellschaft entfernt: Dies kann also auch die L\u00f6schung von Plattformen anderer f\u00fcr die Verarbeitung Verantwortlicher umfassen, auf denen Sie sich registriert haben. Im Hinblick auf die Auswirkungen, die eine derartige L\u00f6schung f\u00fcr Sie haben k\u00f6nnte, kann der f\u00fcr die Verarbeitung Verantwortliche daher Ma\u00dfnahmen ergreifen, die besser geeignet sind, Ihre Identit\u00e4t festzustellen.<\/p>\n\n\n\n<p>Die betroffenen Personen haben au\u00dferdem das Recht, wenn die Verarbeitung auf einer Einwilligung oder einem Vertrag beruht und mit automatisierten Mitteln erfolgt, die Daten in einem strukturierten, g\u00e4ngigen und maschinenlesbaren Format zu erhalten und sie, falls technisch m\u00f6glich, einem anderen f\u00fcr die Verarbeitung Verantwortlichen ohne Einschr\u00e4nkung zu \u00fcbermitteln.<\/p>\n\n\n\n<p>Die betroffenen Personen haben jederzeit das Recht, ihre Einwilligung zu Marketing- und\/oder Profilierungszwecken und\/oder zur Weitergabe\/\u00dcbermittlung von Daten zu widerrufen. Dies gilt ungeachtet der M\u00f6glichkeit f\u00fcr die betroffene Person, die es bevorzugt, auf traditionellem Wege kontaktiert zu werden, der Verarbeitung zu Marketingzwecken nur im Zusammenhang mit dem Erhalt von Mitteilungen mit automatisierten Mitteln zu widersprechen.<\/p>\n\n\n\n<p>Die betroffenen Personen haben das Recht, bei den zust\u00e4ndigen Aufsichtsbeh\u00f6rden des Mitgliedstaats, wo sie ihren \u00fcblichen Wohnsitz haben oder arbeiten, oder des Staates, in dem der mutma\u00dfliche Versto\u00df stattgefunden hat, eine Beschwerde einzureichen.<\/p>\n\n\n\n<p><\/p>\n","protected":false},"excerpt":{"rendered":"<p>Wir bitten Sie, diese Datenschutzrichtlinie (nachfolgend &#8222;Datenschutzrichtlinie&#8220;), die den Nutzern der Website https:\/\/www.tecnicagroup.com (nachfolgend \u201eWebsite\u201c) zur Verf\u00fcgung gestellt wird, aufmerksam zu lesen. Sie wurde gem\u00e4\u00df Artikel 13 der Allgemeinen Datenschutzverordnung Nr. 2016\/679 (nachfolgend auch \u201eDSGVO\u201c) erstellt, und enth\u00e4lt alle Informationen [&hellip;]<\/p>\n","protected":false},"author":1,"featured_media":0,"parent":0,"menu_order":0,"comment_status":"closed","ping_status":"closed","template":"page-terms-privacy.php","meta":{"footnotes":""},"class_list":["post-571","page","type-page","status-publish","hentry"],"_links":{"self":[{"href":"https:\/\/www.tecnicagroup.com\/de\/wp-json\/wp\/v2\/pages\/571","targetHints":{"allow":["GET"]}}],"collection":[{"href":"https:\/\/www.tecnicagroup.com\/de\/wp-json\/wp\/v2\/pages"}],"about":[{"href":"https:\/\/www.tecnicagroup.com\/de\/wp-json\/wp\/v2\/types\/page"}],"author":[{"embeddable":true,"href":"https:\/\/www.tecnicagroup.com\/de\/wp-json\/wp\/v2\/users\/1"}],"replies":[{"embeddable":true,"href":"https:\/\/www.tecnicagroup.com\/de\/wp-json\/wp\/v2\/comments?post=571"}],"version-history":[{"count":15,"href":"https:\/\/www.tecnicagroup.com\/de\/wp-json\/wp\/v2\/pages\/571\/revisions"}],"predecessor-version":[{"id":2728,"href":"https:\/\/www.tecnicagroup.com\/de\/wp-json\/wp\/v2\/pages\/571\/revisions\/2728"}],"wp:attachment":[{"href":"https:\/\/www.tecnicagroup.com\/de\/wp-json\/wp\/v2\/media?parent=571"}],"curies":[{"name":"wp","href":"https:\/\/api.w.org\/{rel}","templated":true}]}}