{"id":1374,"date":"2022-03-31T15:44:30","date_gmt":"2022-03-31T13:44:30","guid":{"rendered":"https:\/\/www.tecnicagroup.com\/?page_id=1374"},"modified":"2022-03-31T15:44:45","modified_gmt":"2022-03-31T13:44:45","slug":"trademark-info","status":"publish","type":"page","link":"https:\/\/www.tecnicagroup.com\/fr\/trademark-info\/","title":{"rendered":"Trademark info"},"content":{"rendered":"\n<p>Tecnica Group est une marque d\u00e9pos\u00e9e de Tecnica Group S.p.A.. Toute utilisation non autoris\u00e9e de cette marque et des droits de propri\u00e9t\u00e9 intellectuelle de Tecnica Group S.p.A. sera strictement appliqu\u00e9e dans toute la mesure pr\u00e9vue par les lois applicables. Les mat\u00e9riaux, les marques et les droits de propri\u00e9t\u00e9 intellectuelle dans ce site appartiennent \u00e0 Tecnica Group S.p.A., diff\u00e9rente indication attendue, des droits de tiers et \u00e0 ceux-ci sont applicables les lois en objet d\u2019auteur. La reproduction du contenu du site n\u2019est autoris\u00e9e que pour un usage personnel. Il est strictement interdit de modifier, de copier, de louer, de pr\u00eater, de transmettre et de diffuser sans autorisation le contenu de ce site. Le contenu de ce site ne peut \u00eatre vendu ou autrement distribu\u00e9 \u00e0 titre on\u00e9reux.<br>Ni Tecnica Group S.p.A. ni les autres individus impliqu\u00e9s dans la cr\u00e9ation ou la production de ce site ne sont responsables des \u00e9ventuels dommages, directs ou indirects, pouvant \u00eatre v\u00e9rifi\u00e9s par l\u2019acc\u00e8s ou l\u2019utilisation de ce site. De m\u00eame, Tecnica Group S.p.A. n\u2019est pas responsable des dommages, notamment des infections par des virus informatiques, que vos \u00e9quipements pourraient subir en raison de l\u2019acc\u00e8s \u00e0 ce site ou de son utilisation, de m\u00eame qu\u2019\u00e0 la suite du t\u00e9l\u00e9chargement de son contenu. Bien que tous les renseignements personnels envoy\u00e9s sur le site de Tecnica Group S.p.A. seront trait\u00e9s conform\u00e9ment \u00e0 la loi, sauf indication contraire, toutes les donn\u00e9es non personnelles transmises ou communiqu\u00e9es par internet (y compris les suggestions, id\u00e9es, croquis, projets, etc.) deviennent et demeurent la propri\u00e9t\u00e9 exclusive de Tecnica Group S.p.A.. Ces donn\u00e9es non personnelles ne doivent pas \u00eatre consid\u00e9r\u00e9es comme confidentielles.<\/p>\n","protected":false},"excerpt":{"rendered":"<p>Tecnica Group est une marque d\u00e9pos\u00e9e de Tecnica Group S.p.A.. Toute utilisation non autoris\u00e9e de cette marque et des droits de propri\u00e9t\u00e9 intellectuelle de Tecnica Group S.p.A. sera strictement appliqu\u00e9e dans toute la mesure pr\u00e9vue par les lois applicables. Les [&hellip;]<\/p>\n","protected":false},"author":1,"featured_media":0,"parent":0,"menu_order":0,"comment_status":"closed","ping_status":"closed","template":"page-terms-privacy.php","meta":{"footnotes":""},"class_list":["post-1374","page","type-page","status-publish","hentry"],"_links":{"self":[{"href":"https:\/\/www.tecnicagroup.com\/fr\/wp-json\/wp\/v2\/pages\/1374","targetHints":{"allow":["GET"]}}],"collection":[{"href":"https:\/\/www.tecnicagroup.com\/fr\/wp-json\/wp\/v2\/pages"}],"about":[{"href":"https:\/\/www.tecnicagroup.com\/fr\/wp-json\/wp\/v2\/types\/page"}],"author":[{"embeddable":true,"href":"https:\/\/www.tecnicagroup.com\/fr\/wp-json\/wp\/v2\/users\/1"}],"replies":[{"embeddable":true,"href":"https:\/\/www.tecnicagroup.com\/fr\/wp-json\/wp\/v2\/comments?post=1374"}],"version-history":[{"count":2,"href":"https:\/\/www.tecnicagroup.com\/fr\/wp-json\/wp\/v2\/pages\/1374\/revisions"}],"predecessor-version":[{"id":1377,"href":"https:\/\/www.tecnicagroup.com\/fr\/wp-json\/wp\/v2\/pages\/1374\/revisions\/1377"}],"wp:attachment":[{"href":"https:\/\/www.tecnicagroup.com\/fr\/wp-json\/wp\/v2\/media?parent=1374"}],"curies":[{"name":"wp","href":"https:\/\/api.w.org\/{rel}","templated":true}]}}