{"id":2001,"date":"2023-09-13T16:04:32","date_gmt":"2023-09-13T14:04:32","guid":{"rendered":"https:\/\/www.tecnicagroup.com\/?page_id=2001"},"modified":"2025-02-07T09:12:57","modified_gmt":"2025-02-07T08:12:57","slug":"politique-en-matiere-dutilisation-des-cookies","status":"publish","type":"page","link":"https:\/\/www.tecnicagroup.com\/fr\/politique-en-matiere-dutilisation-des-cookies\/","title":{"rendered":"POLITIQUE EN MATI\u00c8RE D&rsquo;UTILISATION DES COOKIES"},"content":{"rendered":"\n<p>Tecnica Group S.p.A. (ci-apr\u00e8s, le \u00ab&nbsp;<strong>Responsable<\/strong>&nbsp;\u00bb ou la \u00ab&nbsp;<strong>Soci\u00e9t\u00e9<\/strong>&nbsp;\u00bb), conform\u00e9ment \u00e0 l&rsquo;art. 13 du R\u00e8glement G\u00e9n\u00e9ral sur la Protection des Donn\u00e9es n\u00b0 2016\/679 (ci-apr\u00e8s, le \u00ab&nbsp;<strong>RGPD<\/strong>&nbsp;\u00bb), vous d\u00e9livre des informations relatives au traitement de vos donn\u00e9es personnelles, effectu\u00e9 par le biais de cookies, web beacon, web bug, clear GIF et technologies similaires pr\u00e9sentes sur les pages du site Web <a href=\"https:\/\/www.tecnicagroup.com\/fr\/\" data-type=\"URL\" data-id=\"https:\/\/www.tecnicagroup.com\/fr\/\">tecnicagroup.com<\/a> (ci-apr\u00e8s, le \u00ab&nbsp;<strong>Site<\/strong>&nbsp;\u00bb).<\/p>\n\n\n\n<ol class=\"wp-block-list\">\n<li><strong>Responsable du traitement et donn\u00e9es de contact associ\u00e9es<\/strong><\/li>\n<\/ol>\n\n\n\n<p>Le responsable du traitement est la soci\u00e9t\u00e9 Tecnica Group S.p.A., dont le si\u00e8ge social est situ\u00e9 Via Fante d\u2019Italia, 56 \u2013 31040, Giavera del Montello (TV), Num\u00e9ro d\u2019Identification Fiscale et Num\u00e9ro de TVA 00195810262.<\/p>\n\n\n\n<p>Email&nbsp;: <a href=\"mailto:privacy@tecnicagroup.com\">privacy@tecnicagroup.com<\/a>.<\/p>\n\n\n\n<ol class=\"wp-block-list\" start=\"2\">\n<li><strong>Coordonn\u00e9es du D\u00e9l\u00e9gu\u00e9 \u00e0 la Protection des Donn\u00e9es (DPD)<\/strong><\/li>\n<\/ol>\n\n\n\n<p>Le Responsable a nomm\u00e9 un D\u00e9l\u00e9gu\u00e9 \u00e0 la Protection des Donn\u00e9es (DPD), que l\u2019on peut contacter \u00e0 l&rsquo;adresse email suivante&nbsp;: <a href=\"mailto:privacy@tecnicagroup.com\">privacy@tecnicagroup.com<\/a>.<\/p>\n\n\n\n<ol class=\"wp-block-list\" start=\"3\">\n<li><strong>D\u00e9finitions, caract\u00e9ristiques et r\u00e9glementation en mati\u00e8re de cookies<\/strong><\/li>\n<\/ol>\n\n\n\n<p>Les cookies sont de petits fichiers texte que les sites consult\u00e9s par l\u2019utilisateur envoient et enregistrent sur votre ordinateur ou votre dispositif mobile, pour \u00eatre ensuite retransmis \u00e0 ces m\u00eames sites lors de la prochaine visite. Gr\u00e2ce aux cookies, un site se souvient des actions et pr\u00e9f\u00e9rences de l&rsquo;utilisateur (par exemple, les donn\u00e9es de connexion, la langue choisie, la taille des caract\u00e8res, etc.), de sorte qu&rsquo;elles ne doivent pas \u00eatre indiqu\u00e9es \u00e0 nouveau lorsque l\u2019utilisateur visite \u00e0 nouveau ce site ou navigue d&rsquo;une page \u00e0 l&rsquo;autre. Les cookies sont enfin utilis\u00e9s pour effectuer des authentifications informatiques, surveiller les sessions et stocker des informations concernant les activit\u00e9s des utilisateurs qui acc\u00e8dent \u00e0 un site. Ils peuvent \u00e9galement contenir un code d&rsquo;identification unique qui permet de suivre la navigation de l&rsquo;utilisateur sur le site lui-m\u00eame \u00e0 des fins statistiques ou publicitaires.<\/p>\n\n\n\n<p>Lors de la navigation sur un site, l\u2019utilisateur peut recevoir sur son ordinateur des cookies dits de \u00ab&nbsp;premi\u00e8re partie&nbsp;\u00bb \u2013 lorsqu&rsquo;ils sont install\u00e9s directement par l&rsquo;exploitant du site \u2013, mais aussi des cookies de sites ou de serveurs Web autres que celui qu&rsquo;il visite (cookies dits de \u00ab&nbsp;tiers&nbsp;\u00bb), install\u00e9s sur le terminal par un sujet autre que l&rsquo;exploitant du site lui-m\u00eame.<\/p>\n\n\n\n<p>Certaines op\u00e9rations ne pourraient pas \u00eatre effectu\u00e9es sans l\u2019utilisation des cookies qui, dans certains cas, sont techniquement n\u00e9cessaires pour le fonctionnement du site.<\/p>\n\n\n\n<p>Il existe diff\u00e9rents types de cookies, en fonction de leurs caract\u00e9ristiques et de leurs fonctions, qui peuvent rester sur l&rsquo;ordinateur de l&rsquo;utilisateur pendant des p\u00e9riodes diff\u00e9rentes. En ce sens, on distingue&nbsp;: les cookies dits de session, qui sont automatiquement supprim\u00e9s \u00e0 la fermeture du navigateur et les cookies dits persistants, qui restent au contraire sur l&rsquo;\u00e9quipement de l&rsquo;utilisateur jusqu&rsquo;\u00e0 une \u00e9ch\u00e9ance pr\u00e9d\u00e9termin\u00e9e.<\/p>\n\n\n\n<p>Selon les lois en vigueur en Italie, l&rsquo;utilisation de cookies ne n\u00e9cessite pas toujours d&rsquo;un consentement explicite de l&rsquo;utilisateur. En particulier, ce consentement n&rsquo;est pas requis par les \u00ab&nbsp;cookies techniques&nbsp;\u00bb, c&rsquo;est-\u00e0-dire ceux utilis\u00e9s dans le seul but d&rsquo;effectuer la transmission d&rsquo;une communication sur un r\u00e9seau de communication \u00e9lectronique, ou dans la mesure strictement n\u00e9cessaire pour fournir un service explicitement demand\u00e9 par l&rsquo;utilisateur. En d&rsquo;autres termes, il s&rsquo;agit de cookies indispensables au fonctionnement du site ou n\u00e9cessaires \u00e0 la r\u00e9alisation des activit\u00e9s demand\u00e9es par l&rsquo;utilisateur.<\/p>\n\n\n\n<p>Parmi les cookies techniques, qui ne n\u00e9cessitent pas de consentement expr\u00e8s pour leur utilisation, le Garant pour la Protection des Donn\u00e9es Personnelles comprend \u00e9galement&nbsp;:<\/p>\n\n\n\n<ul class=\"wp-block-list\">\n<li><strong>les cookies analytiques&nbsp;:<\/strong> utilis\u00e9s directement par l\u2019exploitant du site pour collecter des informations, sous forme agr\u00e9g\u00e9e, sur le nombre d\u2019utilisateurs et sur la mani\u00e8re dont ces derniers visitent le site&nbsp;;<\/li>\n\n\n\n<li><strong>les cookies de navigation ou de session&nbsp;:<\/strong> utilis\u00e9s pour garantir la navigation normale et l&rsquo;utilisation du site Web (permettant, par exemple, de s&rsquo;authentifier pour acc\u00e9der \u00e0 des zones r\u00e9serv\u00e9es)&nbsp;;<\/li>\n\n\n\n<li><strong>les cookies fonctionnels&nbsp;:<\/strong> qui permettent \u00e0 l\u2019utilisateur de naviguer selon une s\u00e9rie de crit\u00e8res s\u00e9lectionn\u00e9s (par exemple, la langue, les produits s\u00e9lectionn\u00e9s pour l\u2019achat) afin d\u2019am\u00e9liorer le service qui lui est fourni.<\/li>\n<\/ul>\n\n\n\n<p>Pour les cookies de profilage, inversement, c&rsquo;est-\u00e0-dire ceux visant \u00e0 cr\u00e9er des profils relatifs \u00e0 l&rsquo;utilisateur et utilis\u00e9s afin d&rsquo;envoyer des messages publicitaires en ligne avec les pr\u00e9f\u00e9rences exprim\u00e9es par celui-ci dans le cadre de la navigation sur le r\u00e9seau, un consentement pr\u00e9alable de l&rsquo;utilisateur est requis.<\/p>\n\n\n\n<p>On trouve \u00e9galement sur le site les \u00ab&nbsp;web beacon&nbsp;\u00bb, c&rsquo;est-\u00e0-dire des outils qui ont g\u00e9n\u00e9ralement pour but de suivre le comportement des utilisateurs, en v\u00e9rifiant s&rsquo;ils ont eu acc\u00e8s \u00e0 certains contenus.<\/p>\n\n\n\n<p>Autrement appel\u00e9s \u00ab&nbsp;pixels de suivi&nbsp;\u00bb, les web beacon sont des images transparentes de la taille d&rsquo;un seul pixel (images 1&#215;1, g\u00e9n\u00e9ralement un fichier GIF) qui, lorsqu&rsquo;elles sont demand\u00e9es au serveur, permettent de suivre le fait que l\u2019utilisateur visualise la page qui le contient. Les pixels de suivi sont g\u00e9n\u00e9ralement install\u00e9s \u00e0 des fins de profilage des utilisateurs \u00e0 des fins commerciales.<\/p>\n\n\n\n<div id=\"tipologie-cookie\"><\/div>\n\n\n\n<ol class=\"wp-block-list\" start=\"4\">\n<li><strong>Types de cookies utilis\u00e9s par ce Site<\/strong><\/li>\n<\/ol>\n\n\n\n<p>Le Site utilise les types de cookies suivants, de premi\u00e8re partie et de tiers, qui peuvent \u00eatre s\u00e9lectionn\u00e9s et d\u00e9s\u00e9lectionn\u00e9s, de mani\u00e8re granulaire, \u00e0 travers le panneau de contr\u00f4le appropri\u00e9 pr\u00e9sent dans la banni\u00e8re cookie de la <em>page d\u2019accueil<\/em> du Site.<\/p>\n\n\n\n<p>En particulier, sont pr\u00e9sents sur le Site&nbsp;:<\/p>\n\n\n\n<ul class=\"wp-block-list\">\n<li>des cookies techniques&nbsp;;<\/li>\n\n\n\n<li>des cookies de fonctionnalit\u00e9 (inclus parmi les cookies techniques)&nbsp;;<\/li>\n\n\n\n<li>des cookies analytiques&nbsp;;<\/li>\n\n\n\n<li>des cookies de profilage.<\/li>\n<\/ul>\n\n\n\n<p>En ce qui concerne en particulier les cookies de tiers, l\u2019utilisateur peut se r\u00e9f\u00e9rer aux informations correspondantes, consultables via les liens ci-dessous&nbsp;:<\/p>\n\n\n\n<ul class=\"wp-block-list\">\n<li><a href=\"https:\/\/policies.google.com\/privacy?hl=it&amp;gl=it\">Google<\/a>&nbsp;;<\/li>\n\n\n\n<li><a href=\"https:\/\/tools.google.com\/dlpage\/gaoptout\">Google Analytics<\/a>.<\/li>\n<\/ul>\n\n\n\n<p>En d\u00e9tail, les cookies envoy\u00e9s par le Responsable via le Site sont indiqu\u00e9s ci-dessous&nbsp;:<\/p>\n\n\n\n<script id=\"CookieDeclaration\" src=\"https:\/\/consent.cookiebot.com\/7b0e38b9-2d36-41b3-8944-1aab5f691842\/cd.js\" type=\"text\/javascript\" async><\/script>\n\n\n\n<ol class=\"wp-block-list\" start=\"5\">\n<li><strong>Param\u00e8tres relatifs aux cookies<\/strong><\/li>\n<\/ol>\n\n\n\n<p>L\u2019utilisateur, \u00e0 travers les fonctions sp\u00e9cifiques de son navigateur, peut bloquer ou supprimer (en tout ou en partie) les cookies pr\u00e9sents sur le Site. Nous vous rappelons toutefois que le fait de ne pas autoriser les cookies techniques peut entra\u00eener l\u2019impossibilit\u00e9 d&rsquo;utiliser le Site, d&rsquo;en visualiser le contenu et d&rsquo;utiliser les services correspondants. En revanche, l&rsquo;inhibition des cookies de fonctionnalit\u00e9 peut entra\u00eener l&rsquo;indisponibilit\u00e9 ou le dysfonctionnement de certains services ou fonctions du Site, et l\u2019utilisateur peut \u00eatre contraint de modifier ou de saisir manuellement certaines informations ou pr\u00e9f\u00e9rences \u00e0 chaque fois qu&rsquo;il visite le Site.<\/p>\n\n\n\n<p>En particulier, l&rsquo;utilisateur peut autoriser, bloquer ou supprimer (en tout ou en partie) les cookies via les fonctions sp\u00e9cifiques de son navigateur. Pour plus d&rsquo;informations sur la fa\u00e7on de d\u00e9finir vos pr\u00e9f\u00e9rences sur l&rsquo;utilisation des cookies via le navigateur, vous pouvez consulter les instructions suivantes&nbsp;:<\/p>\n\n\n\n<ul class=\"wp-block-list\">\n<li><a href=\"https:\/\/support.microsoft.com\/it-it\/help\/17442\/windows-internet-explorer-delete-manage-cookies\">Internet Explorer<\/a>&nbsp;;<\/li>\n\n\n\n<li><a href=\"https:\/\/support.google.com\/chrome\/answer\/95647?hl=it&amp;topic=14666&amp;ctx=topic\">Google Chrome<\/a>&nbsp;;<\/li>\n\n\n\n<li><a href=\"https:\/\/support.apple.com\/it-it\/guide\/safari\/sfri11471\/mac\">Safari<\/a>&nbsp;;<\/li>\n\n\n\n<li><a href=\"https:\/\/support.mozilla.org\/it\/kb\/protezione-antitracciamento-avanzata-firefox-desktop?redirectslug=Attivare+e+disattivare+i+cookie&amp;redirectlocale=it\">Firefox<\/a>.<\/li>\n<\/ul>\n\n\n\n<ol class=\"wp-block-list\" start=\"6\">\n<li><strong>Modalit\u00e9s de collecte et de gestion du consentement \u00e0 l&rsquo;utilisation des cookies<\/strong><\/li>\n<\/ol>\n\n\n\n<p>Lors du premier acc\u00e8s au Site, une banni\u00e8re contenant une br\u00e8ve politique en mati\u00e8re de cookies est pr\u00e9sent\u00e9e \u00e0 l&rsquo;utilisateur. L&rsquo;utilisateur a donc imm\u00e9diatement la possibilit\u00e9 de manifester ses pr\u00e9f\u00e9rences et sa volont\u00e9 en mati\u00e8re de cookies. En particulier&nbsp;:<\/p>\n\n\n\n<ul class=\"wp-block-list\">\n<li>en cliquant sur \u00ab&nbsp;ACCEPTER TOUS LES COOKIES&nbsp;\u00bb, vous consentez \u00e0 l&rsquo;installation, sur votre appareil, de tous les cookies et autres technologies fonctionnant sur le Site&nbsp;;<\/li>\n\n\n\n<li>en cliquant sur \u00ab&nbsp;REFUSER TOUS LES COOKIES&nbsp;\u00bb en haut \u00e0 droite de la banni\u00e8re, l\u2019utilisateur ne consent pas \u00e0 l&rsquo;installation de cookies analytiques et de profilage, pour lesquels un consentement est requis. Par cons\u00e9quent, seuls les cookies techniques ou analytiques anonymis\u00e9s sont install\u00e9s sur l&rsquo;appareil de l&rsquo;utilisateur, pour l&rsquo;installation desquels le consentement n&rsquo;est pas n\u00e9cessaire&nbsp;;<\/li>\n\n\n\n<li>en cliquant sur \u00ab&nbsp;G\u00c9RER&nbsp;\u00bb, l\u2019utilisateur a la possibilit\u00e9 de visualiser les diff\u00e9rents cookies pr\u00e9sents sur le Site, class\u00e9s par type.<\/li>\n<\/ul>\n\n\n\n<p>L\u2019utilisateur, dans tous les cas, a la possibilit\u00e9 de modifier \u00e0 tout moment ses pr\u00e9f\u00e9rences en mati\u00e8re de cookies par les moyens suivants en ouvrant le lien \u00ab\u00a0Politique en mati\u00e8re d\u2019utilisation des cookies\u00a0\u00bb, qui renvoie \u00e0 cette politique \u00e9tendue (directement \u00e0 partir de la banni\u00e8re ou, plus tard, \u00e0 travers le lien appropri\u00e9 pr\u00e9sent dans le pied de page du site) et en utilisant les touches appropri\u00e9es:<\/p>\n\n\n\n<p><a href=\"#tipologie-cookie\" data-type=\"internal\" data-id=\"#tipologie-cookie\">Cliquez ici pour modifier ou r\u00e9voquer le consentement<\/a><\/p>\n\n\n\n<ol class=\"wp-block-list\" start=\"7\">\n<li><strong>Transfert des donn\u00e9es personnelles<\/strong><\/li>\n<\/ol>\n\n\n\n<p>Les donn\u00e9es personnelles collect\u00e9es au moyen des cookies de premi\u00e8re partie \u2013 c&rsquo;est-\u00e0-dire install\u00e9s par le Responsable \u2013 pr\u00e9sents sur le Site, ne font pas l&rsquo;objet de transfert en dehors de l&rsquo;Union Europ\u00e9enne. En tout \u00e9tat de cause, il est entendu que, le cas \u00e9ch\u00e9ant, le Responsable pourra transf\u00e9rer les donn\u00e9es personnelles \u00e9galement dans des pays hors UE, en garantissant d\u00e8s \u00e0 pr\u00e9sent que le transfert se fera dans le respect des dispositions l\u00e9gales applicables et en concluant, le cas \u00e9ch\u00e9ant, des accords sp\u00e9cifiques garantissant un niveau de protection ad\u00e9quat des donn\u00e9es personnelles, ou en adoptant en tout \u00e9tat de cause les clauses contractuelles standard pr\u00e9vues par la Commission europ\u00e9enne pour le transfert de donn\u00e9es personnelles hors UE.<\/p>\n\n\n\n<ol class=\"wp-block-list\" start=\"8\">\n<li><strong>Cat\u00e9gories de destinataires<\/strong><\/li>\n<\/ol>\n\n\n\n<p>Les donn\u00e9es personnelles collect\u00e9es par le biais des cookies peuvent \u00eatre partag\u00e9es avec&nbsp;:<\/p>\n\n\n\n<ol class=\"wp-block-list\">\n<li>les personnes autoris\u00e9es par le Responsable du traitement \u00e0 traiter des donn\u00e9es \u00e0 caract\u00e8re personnel qui ont re\u00e7u des instructions op\u00e9rationnelles appropri\u00e9es, qui se sont engag\u00e9es \u00e0 respecter la confidentialit\u00e9 ou qui sont soumises \u00e0 une obligation l\u00e9gale de confidentialit\u00e9 appropri\u00e9e&nbsp;;<\/li>\n\n\n\n<li>les sujets d\u00e9l\u00e9gu\u00e9s et\/ou charg\u00e9s par le Responsable de mener des activit\u00e9s \u00e9troitement li\u00e9es \u00e0 la poursuite de finalit\u00e9s sp\u00e9cifiques (\u00e0 titre d&rsquo;exemple et non exhaustif, interventions de maintenance technique sur les syst\u00e8mes), nomm\u00e9s \u00e0 juste titre Sous-traitants du traitement.<\/li>\n<\/ol>\n\n\n\n<ol class=\"wp-block-list\" start=\"8\">\n<li><strong>Droits de la personne concern\u00e9e<\/strong><\/li>\n<\/ol>\n\n\n\n<p>Conform\u00e9ment aux dispositions du RGPD, vous avez le droit de demander au Responsable, \u00e0 tout moment, l\u2019acc\u00e8s \u00e0 vos donn\u00e9es personnelles, leur rectification ou leur suppression ou de vous opposer \u00e0 leur traitement. La loi vous permet \u00e9galement d&rsquo;exercer le droit de demander la limitation du traitement dans les cas pr\u00e9vus \u00e0 l&rsquo;art. 18 du RGPD, ainsi que d&rsquo;obtenir dans un format structur\u00e9, couramment utilis\u00e9 et lisible par un dispositif automatique les Donn\u00e9es vous concernant, dans les cas pr\u00e9vus \u00e0 l&rsquo;art. 20 du RGPD.<\/p>\n\n\n\n<p>Les demandes peuvent \u00eatre adress\u00e9es \u00e0 l&rsquo;adresse \u00e9lectronique&nbsp;: <a href=\"mailto:privacy@tecnicagroup.com\">privacy@tecnicagroup.com<\/a>.<\/p>\n\n\n\n<p>Enfin, nous vous rappelons que vous avez toujours le droit de d\u00e9poser une plainte aupr\u00e8s de l&rsquo;autorit\u00e9 de contr\u00f4le comp\u00e9tente (Garant pour la Protection des Donn\u00e9es Personnelles), conform\u00e9ment \u00e0 l&rsquo;art. 77 du RGPD, si vous estimez que le traitement de vos donn\u00e9es personnelles est contraire \u00e0 la r\u00e9glementation en vigueur.<\/p>\n","protected":false},"excerpt":{"rendered":"<p>Tecnica Group S.p.A. (ci-apr\u00e8s, le \u00ab&nbsp;Responsable&nbsp;\u00bb ou la \u00ab&nbsp;Soci\u00e9t\u00e9&nbsp;\u00bb), conform\u00e9ment \u00e0 l&rsquo;art. 13 du R\u00e8glement G\u00e9n\u00e9ral sur la Protection des Donn\u00e9es n\u00b0 2016\/679 (ci-apr\u00e8s, le \u00ab&nbsp;RGPD&nbsp;\u00bb), vous d\u00e9livre des informations relatives au traitement de vos donn\u00e9es personnelles, effectu\u00e9 par le [&hellip;]<\/p>\n","protected":false},"author":1,"featured_media":0,"parent":0,"menu_order":0,"comment_status":"closed","ping_status":"closed","template":"page-terms-privacy.php","meta":{"footnotes":""},"class_list":["post-2001","page","type-page","status-publish","hentry"],"_links":{"self":[{"href":"https:\/\/www.tecnicagroup.com\/fr\/wp-json\/wp\/v2\/pages\/2001","targetHints":{"allow":["GET"]}}],"collection":[{"href":"https:\/\/www.tecnicagroup.com\/fr\/wp-json\/wp\/v2\/pages"}],"about":[{"href":"https:\/\/www.tecnicagroup.com\/fr\/wp-json\/wp\/v2\/types\/page"}],"author":[{"embeddable":true,"href":"https:\/\/www.tecnicagroup.com\/fr\/wp-json\/wp\/v2\/users\/1"}],"replies":[{"embeddable":true,"href":"https:\/\/www.tecnicagroup.com\/fr\/wp-json\/wp\/v2\/comments?post=2001"}],"version-history":[{"count":9,"href":"https:\/\/www.tecnicagroup.com\/fr\/wp-json\/wp\/v2\/pages\/2001\/revisions"}],"predecessor-version":[{"id":2730,"href":"https:\/\/www.tecnicagroup.com\/fr\/wp-json\/wp\/v2\/pages\/2001\/revisions\/2730"}],"wp:attachment":[{"href":"https:\/\/www.tecnicagroup.com\/fr\/wp-json\/wp\/v2\/media?parent=2001"}],"curies":[{"name":"wp","href":"https:\/\/api.w.org\/{rel}","templated":true}]}}