{"id":3245,"date":"2025-11-18T16:44:21","date_gmt":"2025-11-18T15:44:21","guid":{"rendered":"https:\/\/www.tecnicagroup.com\/?page_id=3245"},"modified":"2025-11-18T16:44:21","modified_gmt":"2025-11-18T15:44:21","slug":"informations-en-matiere-daccessibilite","status":"publish","type":"page","link":"https:\/\/www.tecnicagroup.com\/fr\/informations-en-matiere-daccessibilite\/","title":{"rendered":"INFORMATIONS EN MATI\u00c8RE D&rsquo;ACCESSIBILIT\u00c9"},"content":{"rendered":"\n<p><a><\/a> En collaboration avec les fournisseurs que nous avons s\u00e9lectionn\u00e9s, nous nous engageons \u00e0 garantir que nos services soient accessibles aux personnes handicap\u00e9es et avons investi des ressources importantes pour rendre notre site web plus facile \u00e0 utiliser et plus accessible aux personnes handicap\u00e9es, avec la ferme conviction que chaque personne a le droit de vivre dans la dignit\u00e9, l&rsquo;\u00e9galit\u00e9, le confort et l&rsquo;ind\u00e9pendance.<\/p>\n\n\n\n<p>C&rsquo;est pourquoi nous nous effor\u00e7ons d&rsquo;am\u00e9liorer constamment l&rsquo;accessibilit\u00e9 de toutes les pages web, convaincus qu&rsquo;il est de notre devoir moral collectif de permettre une utilisation sans interruption, accessible et sans obstacle, m\u00eame pour les personnes handicap\u00e9es.<\/p>\n\n\n\n<p>Dans le cadre de nos efforts constants pour am\u00e9liorer et r\u00e9soudre les probl\u00e8mes d&rsquo;accessibilit\u00e9, nous analysons r\u00e9guli\u00e8rement toutes les pages web \u00e0 l&rsquo;aide de scanners d&rsquo;accessibilit\u00e9 fournis par des partenaires commerciaux tiers afin d&rsquo;identifier et de corriger tout obstacle \u00e9ventuel \u00e0 l&rsquo;accessibilit\u00e9 sur notre site. Malgr\u00e9 nos efforts pour rendre toutes nos pages Web et tous nos contenus enti\u00e8rement accessibles, certains contenus peuvent ne pas encore avoir \u00e9t\u00e9 enti\u00e8rement adapt\u00e9s aux normes d&rsquo;accessibilit\u00e9 les plus strictes. Cela peut \u00eatre d\u00fb au fait que la solution technologique la plus appropri\u00e9e n&rsquo;a pas \u00e9t\u00e9 trouv\u00e9e ou identifi\u00e9e.<\/p>\n\n\n\n<p><strong>\u00c9tat de conformit\u00e9<\/strong><\/p>\n\n\n\n<p>Ce site web est con\u00e7u pour \u00eatre conforme \u00e0 la norme technique pour les sites web et les applications mobiles UNI CEI EN 301549, ainsi qu&rsquo;au niveau d&rsquo;accessibilit\u00e9 \u00ab AA \u00bb pr\u00e9vu par les directives pour l&rsquo;accessibilit\u00e9 des contenus web WCAG 2.1.<\/p>\n\n\n\n<p><strong>Activation du menu d&rsquo;accessibilit\u00e9<\/strong><\/p>\n\n\n\n<p>Ce site web utilise le widget d&rsquo;accessibilit\u00e9 UserWay, qui peut \u00eatre activ\u00e9 en cliquant sur l&rsquo;ic\u00f4ne correspondante.<\/p>\n\n\n\n<p>Une fois le tableau de bord du widget ouvert, l&rsquo;utilisateur peut acc\u00e9der \u00e0 une s\u00e9rie d&rsquo;options qu&rsquo;il peut activer \u00e0 sa guise pour modifier son exp\u00e9rience de navigation au sein du domaine, que nous \u00e9num\u00e9rons ci-dessous.<\/p>\n\n\n\n<ul class=\"wp-block-list\">\n<li><strong>Profil d\u00e9di\u00e9 aux personnes \u00e0 mobilit\u00e9 r\u00e9duite.<\/strong> Blocage des animations et facilitations dans l&rsquo;utilisation des commandes.<\/li>\n\n\n\n<li><strong>Lecteur d&rsquo;\u00e9cran.<\/strong> Lecteur vocal d&rsquo;\u00e9cran adapt\u00e9 aux personnes aveugles.<\/li>\n\n\n\n<li><strong>Profil d\u00e9di\u00e9 aux personnes daltoniennes.<\/strong> R\u00e9glage intelligent du contraste des couleurs.<\/li>\n\n\n\n<li><strong>Profil adapt\u00e9 aux personnes malvoyantes.<\/strong> Am\u00e9liore la visibilit\u00e9 du site web.<\/li>\n\n\n\n<li><strong>Profil adapt\u00e9 aux personnes souffrant d&rsquo;un handicap cognitif.<\/strong> Aide \u00e0 la lecture et \u00e0 la concentration.<\/li>\n<\/ul>\n\n\n\n<ul class=\"wp-block-list\">\n<li><strong>Profil anti-convulsions.<\/strong> \u00c9limine les reflets et r\u00e9duit les couleurs.<\/li>\n\n\n\n<li><strong>Profil adapt\u00e9 aux personnes souffrant de TDAH.<\/strong> Permet une meilleure concentration et moins de distractions.<\/li>\n\n\n\n<li><strong>R\u00e9glage du contenu, des couleurs et de l&rsquo;orientation.<\/strong> Par exemple, il permet d&rsquo;augmenter la taille du texte \u00e0 l&rsquo;\u00e9cran, de r\u00e9gler l&rsquo;intensit\u00e9 des couleurs, d&rsquo;inverser les couleurs ou de modifier leur contraste, ainsi que de mettre en \u00e9vidence les liens, les boutons et autres \u00e9l\u00e9ments interactifs.<\/li>\n<\/ul>\n\n\n\n<p><strong>Contenus non accessibles<\/strong><\/p>\n\n\n\n<p>Malgr\u00e9 nos efforts pour garantir l&rsquo;accessibilit\u00e9 du site web et de ses pages, vous pourriez rencontrer certaines limitations, que nous nous efforcerons de r\u00e9soudre.<\/p>\n\n\n\n<p>\u00c0 cette fin, vous pouvez nous signaler toute limitation d&rsquo;accessibilit\u00e9 en \u00e9crivant \u00e0 l&rsquo;adresse \u00e9lectronique <a href=\"mailto:accessibility@tecnicagroup.com\">accessibility@tecnicagroup.com<\/a><\/p>\n\n\n\n<p><strong>Date de la derni\u00e8re mise \u00e0 jour de cette page concernant l&rsquo;accessibilit\u00e9<\/strong><\/p>\n\n\n\n<p>Version 1.0 du 17\/11\/2025<\/p>\n","protected":false},"excerpt":{"rendered":"<p>En collaboration avec les fournisseurs que nous avons s\u00e9lectionn\u00e9s, nous nous engageons \u00e0 garantir que nos services soient accessibles aux personnes handicap\u00e9es et avons investi des ressources importantes pour rendre notre site web plus facile \u00e0 utiliser et plus accessible [&hellip;]<\/p>\n","protected":false},"author":1,"featured_media":0,"parent":0,"menu_order":0,"comment_status":"closed","ping_status":"closed","template":"","meta":{"footnotes":""},"class_list":["post-3245","page","type-page","status-publish","hentry"],"_links":{"self":[{"href":"https:\/\/www.tecnicagroup.com\/fr\/wp-json\/wp\/v2\/pages\/3245","targetHints":{"allow":["GET"]}}],"collection":[{"href":"https:\/\/www.tecnicagroup.com\/fr\/wp-json\/wp\/v2\/pages"}],"about":[{"href":"https:\/\/www.tecnicagroup.com\/fr\/wp-json\/wp\/v2\/types\/page"}],"author":[{"embeddable":true,"href":"https:\/\/www.tecnicagroup.com\/fr\/wp-json\/wp\/v2\/users\/1"}],"replies":[{"embeddable":true,"href":"https:\/\/www.tecnicagroup.com\/fr\/wp-json\/wp\/v2\/comments?post=3245"}],"version-history":[{"count":2,"href":"https:\/\/www.tecnicagroup.com\/fr\/wp-json\/wp\/v2\/pages\/3245\/revisions"}],"predecessor-version":[{"id":3248,"href":"https:\/\/www.tecnicagroup.com\/fr\/wp-json\/wp\/v2\/pages\/3245\/revisions\/3248"}],"wp:attachment":[{"href":"https:\/\/www.tecnicagroup.com\/fr\/wp-json\/wp\/v2\/media?parent=3245"}],"curies":[{"name":"wp","href":"https:\/\/api.w.org\/{rel}","templated":true}]}}