{"id":454,"date":"2020-12-18T11:29:30","date_gmt":"2020-12-18T10:29:30","guid":{"rendered":"https:\/\/www.tecnicagroup.com\/brand-detail-blizzard\/"},"modified":"2021-04-12T14:23:31","modified_gmt":"2021-04-12T12:23:31","slug":"brand-detail-blizzard","status":"publish","type":"page","link":"https:\/\/www.tecnicagroup.com\/fr\/brand-detail-blizzard\/","title":{"rendered":"Brand Detail Blizzard"},"content":{"rendered":"\n<p>En 1945, Toni Arnsteiner est rentr\u00e9 chez lui apr\u00e8s la Seconde Guerre mondiale et a construit sa premi\u00e8re paire de skis dans son atelier de menuiserie \u00e0 Mittersill, en Autriche.\u00a0<\/p>\n\n\n\n<p>Plus de soixante-dix ans plus tard, toujours \u00e0 Mittersill, ces skis continuent d&rsquo;\u00eatre produits.<\/p>\n","protected":false},"excerpt":{"rendered":"<p>En 1945, Toni Arnsteiner est rentr\u00e9 chez lui apr\u00e8s la Seconde Guerre mondiale et a construit sa premi\u00e8re paire de skis dans son atelier de menuiserie \u00e0 Mittersill, en Autriche.\u00a0 Plus de soixante-dix ans plus tard, toujours \u00e0 Mittersill, ces [&hellip;]<\/p>\n","protected":false},"author":1,"featured_media":0,"parent":0,"menu_order":0,"comment_status":"closed","ping_status":"closed","template":"page-brand-detail-blizzard.php","meta":{"footnotes":""},"class_list":["post-454","page","type-page","status-publish","hentry"],"_links":{"self":[{"href":"https:\/\/www.tecnicagroup.com\/fr\/wp-json\/wp\/v2\/pages\/454","targetHints":{"allow":["GET"]}}],"collection":[{"href":"https:\/\/www.tecnicagroup.com\/fr\/wp-json\/wp\/v2\/pages"}],"about":[{"href":"https:\/\/www.tecnicagroup.com\/fr\/wp-json\/wp\/v2\/types\/page"}],"author":[{"embeddable":true,"href":"https:\/\/www.tecnicagroup.com\/fr\/wp-json\/wp\/v2\/users\/1"}],"replies":[{"embeddable":true,"href":"https:\/\/www.tecnicagroup.com\/fr\/wp-json\/wp\/v2\/comments?post=454"}],"version-history":[{"count":12,"href":"https:\/\/www.tecnicagroup.com\/fr\/wp-json\/wp\/v2\/pages\/454\/revisions"}],"predecessor-version":[{"id":670,"href":"https:\/\/www.tecnicagroup.com\/fr\/wp-json\/wp\/v2\/pages\/454\/revisions\/670"}],"wp:attachment":[{"href":"https:\/\/www.tecnicagroup.com\/fr\/wp-json\/wp\/v2\/media?parent=454"}],"curies":[{"name":"wp","href":"https:\/\/api.w.org\/{rel}","templated":true}]}}