{"id":456,"date":"2020-12-18T10:41:52","date_gmt":"2020-12-18T09:41:52","guid":{"rendered":"https:\/\/www.tecnicagroup.com\/brand-detail-lowa\/"},"modified":"2021-04-12T13:00:09","modified_gmt":"2021-04-12T11:00:09","slug":"brand-detail-lowa","status":"publish","type":"page","link":"https:\/\/www.tecnicagroup.com\/fr\/brand-detail-lowa\/","title":{"rendered":"Brand Detail Lowa"},"content":{"rendered":"\n<p>La pr\u00e9cision allemande fusionn\u00e9e avec la cr\u00e9ativit\u00e9 italienne. La marque allemande historique a \u00e9t\u00e9 int\u00e9gr\u00e9e au groupe Tecnica en 1993.<\/p>\n","protected":false},"excerpt":{"rendered":"<p>La pr\u00e9cision allemande fusionn\u00e9e avec la cr\u00e9ativit\u00e9 italienne. La marque allemande historique a \u00e9t\u00e9 int\u00e9gr\u00e9e au groupe Tecnica en 1993.<\/p>\n","protected":false},"author":1,"featured_media":0,"parent":0,"menu_order":0,"comment_status":"closed","ping_status":"closed","template":"page-brand-detail-lowa.php","meta":{"footnotes":""},"class_list":["post-456","page","type-page","status-publish","hentry"],"_links":{"self":[{"href":"https:\/\/www.tecnicagroup.com\/fr\/wp-json\/wp\/v2\/pages\/456","targetHints":{"allow":["GET"]}}],"collection":[{"href":"https:\/\/www.tecnicagroup.com\/fr\/wp-json\/wp\/v2\/pages"}],"about":[{"href":"https:\/\/www.tecnicagroup.com\/fr\/wp-json\/wp\/v2\/types\/page"}],"author":[{"embeddable":true,"href":"https:\/\/www.tecnicagroup.com\/fr\/wp-json\/wp\/v2\/users\/1"}],"replies":[{"embeddable":true,"href":"https:\/\/www.tecnicagroup.com\/fr\/wp-json\/wp\/v2\/comments?post=456"}],"version-history":[{"count":9,"href":"https:\/\/www.tecnicagroup.com\/fr\/wp-json\/wp\/v2\/pages\/456\/revisions"}],"predecessor-version":[{"id":657,"href":"https:\/\/www.tecnicagroup.com\/fr\/wp-json\/wp\/v2\/pages\/456\/revisions\/657"}],"wp:attachment":[{"href":"https:\/\/www.tecnicagroup.com\/fr\/wp-json\/wp\/v2\/media?parent=456"}],"curies":[{"name":"wp","href":"https:\/\/api.w.org\/{rel}","templated":true}]}}