{"id":458,"date":"2020-12-18T10:30:16","date_gmt":"2020-12-18T09:30:16","guid":{"rendered":"https:\/\/www.tecnicagroup.com\/brand-detail-moonboot\/"},"modified":"2021-04-12T14:05:05","modified_gmt":"2021-04-12T12:05:05","slug":"brand-detail-moonboot","status":"publish","type":"page","link":"https:\/\/www.tecnicagroup.com\/fr\/brand-detail-moonboot\/","title":{"rendered":"Brand Detail Moon Boot"},"content":{"rendered":"\n<p>Les premiers pas sur la Lune: c&rsquo;est le d\u00e9but de la r\u00e9volution qui a inspir\u00e9 la Moon Boot, l&rsquo;une des ic\u00f4nes du design les plus importantes du 20e si\u00e8cle, avec plus de 25 millions de paires de bottes vendues dans le monde.<\/p>\n","protected":false},"excerpt":{"rendered":"<p>Les premiers pas sur la Lune: c&rsquo;est le d\u00e9but de la r\u00e9volution qui a inspir\u00e9 la Moon Boot, l&rsquo;une des ic\u00f4nes du design les plus importantes du 20e si\u00e8cle, avec plus de 25 millions de paires de bottes vendues dans [&hellip;]<\/p>\n","protected":false},"author":1,"featured_media":0,"parent":0,"menu_order":0,"comment_status":"closed","ping_status":"closed","template":"page-brand-detail-moonboot.php","meta":{"footnotes":""},"class_list":["post-458","page","type-page","status-publish","hentry"],"_links":{"self":[{"href":"https:\/\/www.tecnicagroup.com\/fr\/wp-json\/wp\/v2\/pages\/458","targetHints":{"allow":["GET"]}}],"collection":[{"href":"https:\/\/www.tecnicagroup.com\/fr\/wp-json\/wp\/v2\/pages"}],"about":[{"href":"https:\/\/www.tecnicagroup.com\/fr\/wp-json\/wp\/v2\/types\/page"}],"author":[{"embeddable":true,"href":"https:\/\/www.tecnicagroup.com\/fr\/wp-json\/wp\/v2\/users\/1"}],"replies":[{"embeddable":true,"href":"https:\/\/www.tecnicagroup.com\/fr\/wp-json\/wp\/v2\/comments?post=458"}],"version-history":[{"count":3,"href":"https:\/\/www.tecnicagroup.com\/fr\/wp-json\/wp\/v2\/pages\/458\/revisions"}],"predecessor-version":[{"id":617,"href":"https:\/\/www.tecnicagroup.com\/fr\/wp-json\/wp\/v2\/pages\/458\/revisions\/617"}],"wp:attachment":[{"href":"https:\/\/www.tecnicagroup.com\/fr\/wp-json\/wp\/v2\/media?parent=458"}],"curies":[{"name":"wp","href":"https:\/\/api.w.org\/{rel}","templated":true}]}}