{"id":460,"date":"2020-12-18T10:46:31","date_gmt":"2020-12-18T09:46:31","guid":{"rendered":"https:\/\/www.tecnicagroup.com\/brand-detail-nordica\/"},"modified":"2024-10-09T09:14:06","modified_gmt":"2024-10-09T07:14:06","slug":"brand-detail-nordica","status":"publish","type":"page","link":"https:\/\/www.tecnicagroup.com\/fr\/brand-detail-nordica\/","title":{"rendered":"Brand Detail Nordica"},"content":{"rendered":"\n<p>La marque aim\u00e9e par les champions.<\/p>\n\n\n\n<p>Les chaussures de ski et les skis Nordica ont jou\u00e9 un r\u00f4le de premier plan dans l&rsquo;histoire du ski de comp\u00e9tition depuis les victoires du pionnier Zeno Col\u00f2, en passant par le ph\u00e9nom\u00e8ne de la Valanga Azzurra dans les ann\u00e9es 70 jusqu&rsquo;\u00e0 nos jours, et ont atteint les sommets des podiums des Jeux olympiques et de la Coupe du monde avec Pirmin Zurbriggen, Kjetil Andr\u00e9 Aamodt, Andre Myhrer et Felix Neureuther, pour n&rsquo;en citer que quelques-uns.<\/p>\n","protected":false},"excerpt":{"rendered":"<p>La marque aim\u00e9e par les champions. Les chaussures de ski et les skis Nordica ont jou\u00e9 un r\u00f4le de premier plan dans l&rsquo;histoire du ski de comp\u00e9tition depuis les victoires du pionnier Zeno Col\u00f2, en passant par le ph\u00e9nom\u00e8ne de [&hellip;]<\/p>\n","protected":false},"author":1,"featured_media":0,"parent":0,"menu_order":0,"comment_status":"closed","ping_status":"closed","template":"page-brand-detail-nordica.php","meta":{"footnotes":""},"class_list":["post-460","page","type-page","status-publish","hentry"],"_links":{"self":[{"href":"https:\/\/www.tecnicagroup.com\/fr\/wp-json\/wp\/v2\/pages\/460","targetHints":{"allow":["GET"]}}],"collection":[{"href":"https:\/\/www.tecnicagroup.com\/fr\/wp-json\/wp\/v2\/pages"}],"about":[{"href":"https:\/\/www.tecnicagroup.com\/fr\/wp-json\/wp\/v2\/types\/page"}],"author":[{"embeddable":true,"href":"https:\/\/www.tecnicagroup.com\/fr\/wp-json\/wp\/v2\/users\/1"}],"replies":[{"embeddable":true,"href":"https:\/\/www.tecnicagroup.com\/fr\/wp-json\/wp\/v2\/comments?post=460"}],"version-history":[{"count":4,"href":"https:\/\/www.tecnicagroup.com\/fr\/wp-json\/wp\/v2\/pages\/460\/revisions"}],"predecessor-version":[{"id":2669,"href":"https:\/\/www.tecnicagroup.com\/fr\/wp-json\/wp\/v2\/pages\/460\/revisions\/2669"}],"wp:attachment":[{"href":"https:\/\/www.tecnicagroup.com\/fr\/wp-json\/wp\/v2\/media?parent=460"}],"curies":[{"name":"wp","href":"https:\/\/api.w.org\/{rel}","templated":true}]}}