{"id":462,"date":"2020-12-18T11:26:34","date_gmt":"2020-12-18T10:26:34","guid":{"rendered":"https:\/\/www.tecnicagroup.com\/brand-detail-rollerblade\/"},"modified":"2021-04-12T14:15:41","modified_gmt":"2021-04-12T12:15:41","slug":"brand-detail-rollerblade","status":"publish","type":"page","link":"https:\/\/www.tecnicagroup.com\/fr\/brand-detail-rollerblade\/","title":{"rendered":"Brand Detail Rollerblade"},"content":{"rendered":"\n<p>La marque qui a lanc\u00e9 un sport et un style de vie entiers.<\/p>\n\n\n\n<p>Rollerblade\u00ae fabrique les meilleurs patins en ligne au monde. Nous sommes des patineurs, donc nous savons combien il est important que nos patins en ligne et notre \u00e9quipement soient performants au plus haut niveau. Au fil des ans, Rollerblade\u00ae a r\u00e9alis\u00e9 certaines des innovations les plus importantes en mati\u00e8re de patins en ligne, comme les syst\u00e8mes de freinage, les patins pour enfants r\u00e9glables sans embout et les syst\u00e8mes de fermeture.<\/p>\n","protected":false},"excerpt":{"rendered":"<p>La marque qui a lanc\u00e9 un sport et un style de vie entiers. Rollerblade\u00ae fabrique les meilleurs patins en ligne au monde. Nous sommes des patineurs, donc nous savons combien il est important que nos patins en ligne et notre [&hellip;]<\/p>\n","protected":false},"author":1,"featured_media":0,"parent":0,"menu_order":0,"comment_status":"closed","ping_status":"closed","template":"page-brand-detail-rollerblade.php","meta":{"footnotes":""},"class_list":["post-462","page","type-page","status-publish","hentry"],"_links":{"self":[{"href":"https:\/\/www.tecnicagroup.com\/fr\/wp-json\/wp\/v2\/pages\/462","targetHints":{"allow":["GET"]}}],"collection":[{"href":"https:\/\/www.tecnicagroup.com\/fr\/wp-json\/wp\/v2\/pages"}],"about":[{"href":"https:\/\/www.tecnicagroup.com\/fr\/wp-json\/wp\/v2\/types\/page"}],"author":[{"embeddable":true,"href":"https:\/\/www.tecnicagroup.com\/fr\/wp-json\/wp\/v2\/users\/1"}],"replies":[{"embeddable":true,"href":"https:\/\/www.tecnicagroup.com\/fr\/wp-json\/wp\/v2\/comments?post=462"}],"version-history":[{"count":3,"href":"https:\/\/www.tecnicagroup.com\/fr\/wp-json\/wp\/v2\/pages\/462\/revisions"}],"predecessor-version":[{"id":663,"href":"https:\/\/www.tecnicagroup.com\/fr\/wp-json\/wp\/v2\/pages\/462\/revisions\/663"}],"wp:attachment":[{"href":"https:\/\/www.tecnicagroup.com\/fr\/wp-json\/wp\/v2\/media?parent=462"}],"curies":[{"name":"wp","href":"https:\/\/api.w.org\/{rel}","templated":true}]}}