{"id":470,"date":"2020-12-18T11:32:14","date_gmt":"2020-12-18T10:32:14","guid":{"rendered":"https:\/\/www.tecnicagroup.com\/brand-detail-tecnica\/"},"modified":"2021-04-19T11:56:27","modified_gmt":"2021-04-19T09:56:27","slug":"brand-detail-tecnica","status":"publish","type":"page","link":"https:\/\/www.tecnicagroup.com\/fr\/brand-detail-tecnica\/","title":{"rendered":"Brand Detail Tecnica"},"content":{"rendered":"\n<p>N\u00e9e en 1960 d&rsquo;un petit magasin sp\u00e9cialis\u00e9 dans les chaussures de travail, Tecnica est devenue au fil des ans l&rsquo;une des plus grandes marques sur le march\u00e9 mondial des chaussures de sport, des chaussures d&rsquo;ext\u00e9rieur aux chaussures de ski.<\/p>\n","protected":false},"excerpt":{"rendered":"<p>N\u00e9e en 1960 d&rsquo;un petit magasin sp\u00e9cialis\u00e9 dans les chaussures de travail, Tecnica est devenue au fil des ans l&rsquo;une des plus grandes marques sur le march\u00e9 mondial des chaussures de sport, des chaussures d&rsquo;ext\u00e9rieur aux chaussures de ski.<\/p>\n","protected":false},"author":1,"featured_media":0,"parent":0,"menu_order":0,"comment_status":"closed","ping_status":"closed","template":"page-brand-detail-tecnica.php","meta":{"footnotes":""},"class_list":["post-470","page","type-page","status-publish","hentry"],"_links":{"self":[{"href":"https:\/\/www.tecnicagroup.com\/fr\/wp-json\/wp\/v2\/pages\/470","targetHints":{"allow":["GET"]}}],"collection":[{"href":"https:\/\/www.tecnicagroup.com\/fr\/wp-json\/wp\/v2\/pages"}],"about":[{"href":"https:\/\/www.tecnicagroup.com\/fr\/wp-json\/wp\/v2\/types\/page"}],"author":[{"embeddable":true,"href":"https:\/\/www.tecnicagroup.com\/fr\/wp-json\/wp\/v2\/users\/1"}],"replies":[{"embeddable":true,"href":"https:\/\/www.tecnicagroup.com\/fr\/wp-json\/wp\/v2\/comments?post=470"}],"version-history":[{"count":6,"href":"https:\/\/www.tecnicagroup.com\/fr\/wp-json\/wp\/v2\/pages\/470\/revisions"}],"predecessor-version":[{"id":1096,"href":"https:\/\/www.tecnicagroup.com\/fr\/wp-json\/wp\/v2\/pages\/470\/revisions\/1096"}],"wp:attachment":[{"href":"https:\/\/www.tecnicagroup.com\/fr\/wp-json\/wp\/v2\/media?parent=470"}],"curies":[{"name":"wp","href":"https:\/\/api.w.org\/{rel}","templated":true}]}}