{"id":1369,"date":"2022-03-31T15:44:28","date_gmt":"2022-03-31T13:44:28","guid":{"rendered":"https:\/\/www.tecnicagroup.com\/?page_id=1369"},"modified":"2022-03-31T15:43:44","modified_gmt":"2022-03-31T13:43:44","slug":"trademark-info","status":"publish","type":"page","link":"https:\/\/www.tecnicagroup.com\/it\/trademark-info\/","title":{"rendered":"Trademark info"},"content":{"rendered":"\n<p>Tecnica Group \u00e8 un marchio registrato di Tecnica Group S.p.A. Qualsiasi uso non autorizzato del marchio e della propriet\u00e0 intellettuale di Tecnica Group S.p.A. verr\u00e0 segnalato alle autorit\u00e0 competenti affinch\u00e9 la violazione venga perseguita nella misura massima consentita dalla legge. I materiali, i marchi e i diritti di propriet\u00e0 intellettuale all&#8217;interno di questo sito appartengono a Tecnica Group S.p.A., salvo diversa indicazione di diritti di terzi, ai quali sono applicabili le leggi in materia di diritto d&#8217;autore. \u00c8 consentita la riproduzione dei contenuti del sito soltanto solo per uso personale. \u00c8 invece proibito modificare, copiare, trasmettere e diffondere previa autorizzazione i contenuti del sito. Gli stessi contenuti non possono essere venduti o altrimenti distribuito a titolo oneroso.<br>N\u00e9 Tecnica Group S.p.A. n\u00e9 ogni altro soggetto coinvolto nella creazione di questo sito sono responsabili per gli eventuali danni, diretti o indiretti, che si potranno verificare in occasione dell&#8217;accesso e uso di questo sito. Inoltre, Tecnica Group S.p.A. non \u00e8 responsabile per i danni, tra i quali vi sono virus informatici, che le vostre apparecchiature dovessero patire a causa dell&#8217;uso o accesso a questo sito o in conseguenza del download del suo contenuto. Mentre ogni informazione personale inviata al sito di Tecnica Group S.p.A. sar\u00e0 trattata in modo conforme alla legge, diversamente ogni dato non personale comunicato a Tecnica Group S.p.A. attraverso internet (inclusi suggerimenti, idee, disegni, progetti, etc.) diventa e rimane di esclusiva propriet\u00e0 di Tecnica Group S.p.A. Tali dati non personali non dovranno essere considerati come confidenziali.<\/p>\n","protected":false},"excerpt":{"rendered":"<p>Tecnica Group \u00e8 un marchio registrato di Tecnica Group S.p.A. Qualsiasi uso non autorizzato del marchio e della propriet\u00e0 intellettuale di Tecnica Group S.p.A. verr\u00e0 segnalato alle autorit\u00e0 competenti affinch\u00e9 la violazione venga perseguita nella misura massima consentita dalla legge. [&hellip;]<\/p>\n","protected":false},"author":1,"featured_media":0,"parent":0,"menu_order":0,"comment_status":"closed","ping_status":"closed","template":"page-terms-privacy.php","meta":{"footnotes":""},"class_list":["post-1369","page","type-page","status-publish","hentry"],"_links":{"self":[{"href":"https:\/\/www.tecnicagroup.com\/it\/wp-json\/wp\/v2\/pages\/1369","targetHints":{"allow":["GET"]}}],"collection":[{"href":"https:\/\/www.tecnicagroup.com\/it\/wp-json\/wp\/v2\/pages"}],"about":[{"href":"https:\/\/www.tecnicagroup.com\/it\/wp-json\/wp\/v2\/types\/page"}],"author":[{"embeddable":true,"href":"https:\/\/www.tecnicagroup.com\/it\/wp-json\/wp\/v2\/users\/1"}],"replies":[{"embeddable":true,"href":"https:\/\/www.tecnicagroup.com\/it\/wp-json\/wp\/v2\/comments?post=1369"}],"version-history":[{"count":2,"href":"https:\/\/www.tecnicagroup.com\/it\/wp-json\/wp\/v2\/pages\/1369\/revisions"}],"predecessor-version":[{"id":1372,"href":"https:\/\/www.tecnicagroup.com\/it\/wp-json\/wp\/v2\/pages\/1369\/revisions\/1372"}],"wp:attachment":[{"href":"https:\/\/www.tecnicagroup.com\/it\/wp-json\/wp\/v2\/media?parent=1369"}],"curies":[{"name":"wp","href":"https:\/\/api.w.org\/{rel}","templated":true}]}}