{"id":3235,"date":"2025-11-18T16:39:38","date_gmt":"2025-11-18T15:39:38","guid":{"rendered":"https:\/\/www.tecnicagroup.com\/?page_id=3235"},"modified":"2025-11-18T16:40:18","modified_gmt":"2025-11-18T15:40:18","slug":"informazioni-in-materia-di-accessibilita","status":"publish","type":"page","link":"https:\/\/www.tecnicagroup.com\/it\/informazioni-in-materia-di-accessibilita\/","title":{"rendered":"Informazioni in materia di accessibilit\u00e0"},"content":{"rendered":"\n<p><a><\/a> Insieme ai fornitori da noi selezionati, c\u2019impegniamo a garantire che i nostri servizi siano accessibili alle persone con disabilit\u00e0 e abbiamo investito una quantit\u00e0 significativa di risorse per garantire che il nostro sito web sia reso pi\u00f9 facile da usare e pi\u00f9 accessibile per le persone con disabilit\u00e0, con la forte convinzione che ogni persona abbia il diritto di vivere con dignit\u00e0, uguaglianza, comfort e indipendenza.<\/p>\n\n\n\n<p>Per questo, cii sforziamo per migliorare costantemente l\u2019accessibilit\u00e0 di tutte le pagine web nella convinzione che sia nostro obbligo morale collettivo consentire un utilizzo senza interruzioni, accessibile e senza ostacoli anche per le persone con disabilit\u00e0.<\/p>\n\n\n\n<p>Nel tentativo costante di migliorare e risolvere continuamente i problemi di accessibilit\u00e0, effettuiamo regolarmente la scansione di tutte le pagine web con gli scanner di accessibilit\u00e0 messi a disposizione da partner commerciali terzi per identificare e correggere ogni possibile barriera di accessibilit\u00e0 sul nostro sito. Nonostante i nostri sforzi per rendere tutte le nostre pagine web e tutti i nostri contenuti completamente accessibili, alcuni contenuti potrebbero non essere ancora stati completamente adattati ai pi\u00f9 severi standard di accessibilit\u00e0. Ci\u00f2 pu\u00f2 essere dovuto al fatto di non avere trovato o individuato la soluzione tecnologica pi\u00f9 adeguata.<\/p>\n\n\n\n<p><strong>Stato di conformit\u00e0<\/strong><\/p>\n\n\n\n<p>Questo sito web \u00e8 progettato per essere conforme alla norma tecnica per i siti web e le applicazioni mobili UNI CEI EN 301549, nonch\u00e9 al livello di accessibilit\u00e0 \u201cAA\u201d previsto dalle linee guida per l\u2019accessibilit\u00e0 dei contenuti web WCAG 2.1.<\/p>\n\n\n\n<p><strong>Abilitazione del menu di accessibilit\u00e0<\/strong><\/p>\n\n\n\n<p>Il presente sito web utilizza il widget per l\u2019accessibilit\u00e0 UserWay, che pu\u00f2 essere attivato cliccando sulla relativa icona.<\/p>\n\n\n\n<p>Una volta aperta la dashboard di comando del widget, l\u2019utente pu\u00f2 accedere a una serie di opzioni attivabili a piacimento per cambiare la sua esperienza di navigazione all\u2019interno del dominio, che elenchiamo di seguito.<\/p>\n\n\n\n<ul class=\"wp-block-list\">\n<li><strong>Profilo dedicato a persone con limitazioni motorie.<\/strong> Blocco delle animazioni e facilitazioni nell\u2019uso dei comandi.<\/li>\n\n\n\n<li><strong>Screen reader.<\/strong> Lettore vocale dello schermo adatto a persone non vedenti.<\/li>\n\n\n\n<li><strong>Profilo dedicato alle persone daltoniche.<\/strong> Impostazione intelligente del contrasto dei colori.<\/li>\n\n\n\n<li><strong>Profilo adatto alle persone ipovedenti.<\/strong> Migliora la visibilit\u00e0 del sito web.<\/li>\n\n\n\n<li><strong>Profilo adatto alle persone con disabilit\u00e0 cognitiva.<\/strong> Aiuta a leggere e a concentrarsi.<\/li>\n<\/ul>\n\n\n\n<ul class=\"wp-block-list\">\n<li><strong>Profilo a prova di convulsioni.<\/strong> Elimina i riflessi e riduce il colore.<\/li>\n\n\n\n<li><strong>Profilo adatto alle persone affette da ADHD.<\/strong> Consente pi\u00f9 concentrazione e meno distrazioni.<\/li>\n\n\n\n<li><strong>Regolazione dei contenuti, del colore e dell\u2019orientamento.<\/strong> Per esempio, permette di aumentare le dimensioni del testo sullo schermo, impostare l\u2019intensit\u00e0 dei colori, invertire i colori o modificare il contrasto degli stessi, nonch\u00e9 mettere in risalto collegamenti, pulsanti e altri elementi interattivi.<\/li>\n<\/ul>\n\n\n\n<p><strong>Contenuti non accessibili<\/strong><\/p>\n\n\n\n<p>Nonostante i nostri sforzi per garantire l\u2019accessibilit\u00e0 del sito web e delle pagine dello stesso, potreste riscontrare alcune limitazioni, che lavoreremo per risolvere.<\/p>\n\n\n\n<p>A tale fine, potete segnalarci qualsiasi limitazione all\u2019accessibilit\u00e0 scrivendo all\u2019indirizzo di posta elettronica <a href=\"mailto:accessibility@tecnicagroup.com\">accessibility@tecnicagroup.com<\/a><\/p>\n\n\n\n<p><strong>Data di ultimo aggiornamento della presente pagina in materia di accessibilit\u00e0<\/strong><\/p>\n\n\n\n<p>Versione 1.0 del 17\/11\/2025<\/p>\n\n\n\n<p><\/p>\n","protected":false},"excerpt":{"rendered":"<p>Insieme ai fornitori da noi selezionati, c\u2019impegniamo a garantire che i nostri servizi siano accessibili alle persone con disabilit\u00e0 e abbiamo investito una quantit\u00e0 significativa di risorse per garantire che il nostro sito web sia reso pi\u00f9 facile da usare [&hellip;]<\/p>\n","protected":false},"author":1,"featured_media":0,"parent":0,"menu_order":0,"comment_status":"closed","ping_status":"closed","template":"","meta":{"footnotes":""},"class_list":["post-3235","page","type-page","status-publish","hentry"],"_links":{"self":[{"href":"https:\/\/www.tecnicagroup.com\/it\/wp-json\/wp\/v2\/pages\/3235","targetHints":{"allow":["GET"]}}],"collection":[{"href":"https:\/\/www.tecnicagroup.com\/it\/wp-json\/wp\/v2\/pages"}],"about":[{"href":"https:\/\/www.tecnicagroup.com\/it\/wp-json\/wp\/v2\/types\/page"}],"author":[{"embeddable":true,"href":"https:\/\/www.tecnicagroup.com\/it\/wp-json\/wp\/v2\/users\/1"}],"replies":[{"embeddable":true,"href":"https:\/\/www.tecnicagroup.com\/it\/wp-json\/wp\/v2\/comments?post=3235"}],"version-history":[{"count":4,"href":"https:\/\/www.tecnicagroup.com\/it\/wp-json\/wp\/v2\/pages\/3235\/revisions"}],"predecessor-version":[{"id":3240,"href":"https:\/\/www.tecnicagroup.com\/it\/wp-json\/wp\/v2\/pages\/3235\/revisions\/3240"}],"wp:attachment":[{"href":"https:\/\/www.tecnicagroup.com\/it\/wp-json\/wp\/v2\/media?parent=3235"}],"curies":[{"name":"wp","href":"https:\/\/api.w.org\/{rel}","templated":true}]}}