{"id":799,"date":"2020-12-18T10:41:52","date_gmt":"2020-12-18T09:41:52","guid":{"rendered":"https:\/\/www.tecnicagroup.com\/brand-detail-lowa\/"},"modified":"2021-04-16T15:21:30","modified_gmt":"2021-04-16T13:21:30","slug":"brand-detail-lowa","status":"publish","type":"page","link":"https:\/\/www.tecnicagroup.com\/it\/brand-detail-lowa\/","title":{"rendered":"Brand Detail Lowa"},"content":{"rendered":"\n<figure class=\"wp-block-table\"><table><tbody><tr><td>La precisione tedesca si \u00e8 fusa con la creativit\u00e0 italiana. Lo storico marchio tedesco \u00e8 entrato a far parte di Tecnica Group nel 1993.<\/td><\/tr><\/tbody><\/table><\/figure>\n","protected":false},"excerpt":{"rendered":"<p>La precisione tedesca si \u00e8 fusa con la creativit\u00e0 italiana. Lo storico marchio tedesco \u00e8 entrato a far parte di Tecnica Group nel 1993.<\/p>\n","protected":false},"author":1,"featured_media":0,"parent":0,"menu_order":0,"comment_status":"closed","ping_status":"closed","template":"page-brand-detail-lowa.php","meta":{"footnotes":""},"class_list":["post-799","page","type-page","status-publish","hentry"],"_links":{"self":[{"href":"https:\/\/www.tecnicagroup.com\/it\/wp-json\/wp\/v2\/pages\/799","targetHints":{"allow":["GET"]}}],"collection":[{"href":"https:\/\/www.tecnicagroup.com\/it\/wp-json\/wp\/v2\/pages"}],"about":[{"href":"https:\/\/www.tecnicagroup.com\/it\/wp-json\/wp\/v2\/types\/page"}],"author":[{"embeddable":true,"href":"https:\/\/www.tecnicagroup.com\/it\/wp-json\/wp\/v2\/users\/1"}],"replies":[{"embeddable":true,"href":"https:\/\/www.tecnicagroup.com\/it\/wp-json\/wp\/v2\/comments?post=799"}],"version-history":[{"count":3,"href":"https:\/\/www.tecnicagroup.com\/it\/wp-json\/wp\/v2\/pages\/799\/revisions"}],"predecessor-version":[{"id":1016,"href":"https:\/\/www.tecnicagroup.com\/it\/wp-json\/wp\/v2\/pages\/799\/revisions\/1016"}],"wp:attachment":[{"href":"https:\/\/www.tecnicagroup.com\/it\/wp-json\/wp\/v2\/media?parent=799"}],"curies":[{"name":"wp","href":"https:\/\/api.w.org\/{rel}","templated":true}]}}