{"id":803,"date":"2020-12-18T10:46:31","date_gmt":"2020-12-18T09:46:31","guid":{"rendered":"https:\/\/www.tecnicagroup.com\/brand-detail-nordica\/"},"modified":"2024-10-09T09:13:31","modified_gmt":"2024-10-09T07:13:31","slug":"brand-detail-nordica","status":"publish","type":"page","link":"https:\/\/www.tecnicagroup.com\/it\/brand-detail-nordica\/","title":{"rendered":"Brand Detail Nordica"},"content":{"rendered":"\n<figure class=\"wp-block-table\"><table><tbody><tr><td>Il brand amato dai campioni.<\/td><\/tr><\/tbody><\/table><\/figure>\n\n\n\n<figure class=\"wp-block-table\"><table><tbody><tr><td>I prodotti Nordica hanno avuto un ruolo primario nella storia delle competizioni dello sci alpino, sin dalle vittorie del pioniere Zeno Col\u00f2, attraverso il fenomeno della Valanga Azzurra negli anni Settanta, fino ai giorni nostri, e hanno raggiunto i pi\u00f9 alti gradini dei podi olimpici e mondiali con Pirmin Zurbriggen, Kjetil Andr\u00e9 Aamodt, Andre Myhrer e Felix Neureuther, per nominarne solo alcuni.<\/td><\/tr><\/tbody><\/table><\/figure>\n","protected":false},"excerpt":{"rendered":"<p>Il brand amato dai campioni. I prodotti Nordica hanno avuto un ruolo primario nella storia delle competizioni dello sci alpino, sin dalle vittorie del pioniere Zeno Col\u00f2, attraverso il fenomeno della Valanga Azzurra negli anni Settanta, fino ai giorni nostri, [&hellip;]<\/p>\n","protected":false},"author":1,"featured_media":0,"parent":0,"menu_order":0,"comment_status":"closed","ping_status":"closed","template":"page-brand-detail-nordica.php","meta":{"footnotes":""},"class_list":["post-803","page","type-page","status-publish","hentry"],"_links":{"self":[{"href":"https:\/\/www.tecnicagroup.com\/it\/wp-json\/wp\/v2\/pages\/803","targetHints":{"allow":["GET"]}}],"collection":[{"href":"https:\/\/www.tecnicagroup.com\/it\/wp-json\/wp\/v2\/pages"}],"about":[{"href":"https:\/\/www.tecnicagroup.com\/it\/wp-json\/wp\/v2\/types\/page"}],"author":[{"embeddable":true,"href":"https:\/\/www.tecnicagroup.com\/it\/wp-json\/wp\/v2\/users\/1"}],"replies":[{"embeddable":true,"href":"https:\/\/www.tecnicagroup.com\/it\/wp-json\/wp\/v2\/comments?post=803"}],"version-history":[{"count":4,"href":"https:\/\/www.tecnicagroup.com\/it\/wp-json\/wp\/v2\/pages\/803\/revisions"}],"predecessor-version":[{"id":2668,"href":"https:\/\/www.tecnicagroup.com\/it\/wp-json\/wp\/v2\/pages\/803\/revisions\/2668"}],"wp:attachment":[{"href":"https:\/\/www.tecnicagroup.com\/it\/wp-json\/wp\/v2\/media?parent=803"}],"curies":[{"name":"wp","href":"https:\/\/api.w.org\/{rel}","templated":true}]}}