{"id":829,"date":"2020-12-21T11:39:26","date_gmt":"2020-12-21T10:39:26","guid":{"rendered":"https:\/\/www.tecnicagroup.com\/privacy-policy\/"},"modified":"2025-02-05T17:19:41","modified_gmt":"2025-02-05T16:19:41","slug":"privacy-policy","status":"publish","type":"page","link":"https:\/\/www.tecnicagroup.com\/it\/privacy-policy\/","title":{"rendered":"PRIVACY POLICY PER GLI UTENTI DEL SITO"},"content":{"rendered":"\n<p>La preghiamo di leggere attentamente la presente Privacy Policy (di seguito, \u201c<strong>Privacy Policy<\/strong>\u201d), che si intende resa nei confronti degli utenti del sito web <a href=\"https:\/\/www.tecnicagroup.com\/it\/\">https:\/\/www.tecnicagroup.com<\/a> (di seguito, il \u201c<strong>Sito<\/strong>\u201d), predisposta ai sensi dell\u2019art. 13 del Regolamento Generale sulla Protezione dei Dati n. 2016\/679 (nel seguito, anche \u201c<strong>GDPR<\/strong>\u201d), in cui Le indichiamo tutti i dettagli relativi al trattamento dei Suoi dati personali (di seguito anche, \u201c<strong>Dati<\/strong>\u201d) e sul loro utilizzo.<\/p>\n\n\n\n<p>Si precisa che la Privacy Policy si intende applicabile ai soli trattamenti di Dati effettuati sul Sito e non anche a trattamenti svolti su siti web diversi ed ulteriori, pur accessibili per mezzo di link presenti all\u2019interno del Sito stesso.<\/p>\n\n\n\n<p><strong>1. Titolare del trattamento e relativi dati di contatto<\/strong><\/p>\n\n\n\n<p>Il titolare del trattamento \u00e8 Tecnica Group S.p.A., via Fante d\u2019Italia, 56 \u2013 31040, Giavera del Montello (TV), C.F. e P.IVA 00195810262 (di seguito \u201c<strong>Titolare<\/strong>\u201d o \u201c<strong>Societ\u00e0<\/strong>\u201d). <\/p>\n\n\n\n<p>Indirizzo e-mail: <a href=\"mailto:privacy@tecnicagroup.com\">privacy@tecnicagroup.com<\/a><\/p>\n\n\n\n<p><strong>2. <strong>Dati di contatto del Responsabile della Protezione dei Dati (RPD)<\/strong><\/strong><\/p>\n\n\n\n<p>Sar\u00e0 possibile contattare il Responsabile per la Protezione dei Dati (RPD) scrivendo a <a href=\"mailto:privacy@tecnicagroup.com\">privacy@tecnicagroup.com<\/a><\/p>\n\n\n\n<p><strong>3. <strong>Tipi di Dati trattati<\/strong><\/strong><\/p>\n\n\n\n<p><strong>3.1 <strong>Dati di navigazione<\/strong><\/strong><\/p>\n\n\n\n<p>Raccogliamo i seguenti Dati mediante i servizi utilizzati dall\u2019utente.<\/p>\n\n\n\n<p><strong>Dati tecnici<\/strong><\/p>\n\n\n\n<p>In questa categoria di Dati rientrano gli indirizzi IP o i nomi a dominio dei computer utilizzati dagli utenti che si connettono al Sito, gli indirizzi in notazione URI (<em>Uniform Resource Identifier<\/em>) delle risorse richieste, l\u2019orario della richiesta, il metodo utilizzato nel sottoporre la richiesta al server, la dimensione del file ottenuto in risposta, il codice numerico indicante lo stato della risposta data dal server (buon fine, errore, ecc.) ed altri parametri relativi al sistema operativo e all\u2019ambiente informatico dell\u2019utente. Questi Dati vengono utilizzati solo per informazioni di tipo statistico (quindi sono anonimi), per controllare il corretto funzionamento del Sito, e vengono cancellati subito dopo l\u2019elaborazione. I Dati potrebbero essere utilizzati per l\u2019accertamento di responsabilit\u00e0 in caso di ipotetici reati informatici ai danni del Sito. Salva questa eventualit\u00e0, i Dati sui contatti web non persistono per pi\u00f9 di 30 giorni.<\/p>\n\n\n\n<p><strong>Cookie<\/strong><\/p>\n\n\n\n<p>Il Sito raccoglie Dati utilizzando i cookie o tecnologie similari. Per ulteriori informazioni, La invitiamo a visitare la \u201c<strong><a href=\"https:\/\/www.tecnicagroup.com\/it\/cookie-policy\/\" data-type=\"page\" data-id=\"2007\">Cookie Policy<\/a><\/strong>\u201d del Sito.<\/p>\n\n\n\n<p><strong>3.2 Dati forniti volontariamente dall\u2019utente<\/strong><\/p>\n\n\n\n<p>Il Sito offre agli utenti la possibilit\u00e0 di fornire volontariamente informazioni personali attraverso, per esempio, la compilazione del form \u201c<em>Contatti<\/em>\u201d presente nel Sito.<\/p>\n\n\n\n<p><strong>Servizi offerti dal Sito<\/strong><\/p>\n\n\n\n<p>Nel seguito, viene fornita un\u2019illustrazione dei servizi offerti dal Sito. Per ciascuno dei servizi offerti sono indicate: le finalit\u00e0 del trattamento dei Dati, le basi giuridiche poste a fondamento del trattamento medesimo e i tempi di conservazione dei Dati trattati.<\/p>\n\n\n\n<p><strong>4.1 Sezione \u201cContattaci\u201d<\/strong><\/p>\n\n\n\n<p>All\u2019interno del Sito\u00e8 presente la sezione \u201c<em>Contatti<\/em>\u201d. Quest\u2019ultima consente all\u2019utente di sottoporre alla Societ\u00e0 le proprie richieste di informazioni. Ai fini dell\u2019erogazione del presente servizio, all\u2019utente \u00e8 richiesto necessariamente il conferimento dei seguenti dati personali: nome, cognome, sesso, codice postale, stato, indirizzo e-mail.<\/p>\n\n\n\n<p><strong>Finalit\u00e0 del trattamento:<\/strong> fornire riscontro alle richieste di informazioni avanzate dall\u2019utente.<\/p>\n\n\n\n<p><strong>Base giuridica del trattamento:<\/strong> art. 6, par. 1, lett. b) del GDPR, \u201c<em>esecuzione di un contratto di cui l\u2019interessato \u00e8 parte o esecuzione di misure precontrattuali adottate su richiesta dello stesso<\/em>\u201d.<\/p>\n\n\n\n<p><strong>Tempi di conservazione: <\/strong>i dati personali saranno conservati per un periodo non superiore a 24 mesi dal momento del loro conferimento.<\/p>\n\n\n\n<p><strong>Ulteriori finalit\u00e0 del trattamento<\/strong><\/p>\n\n\n\n<p>Nell\u2019ambito dei trattamenti di dati personali effettuati per mezzo del Sito, il Titolare persegue le seguenti ulteriori specifiche finalit\u00e0:<\/p>\n\n\n\n<p><strong>5.1 Adempimento degli obblighi di legge<\/strong><\/p>\n\n\n\n<p>Il Titolare, ove necessario, tratta i dati personali degli interessati, raccolti per mezzo del Sito, al fine di garantire il rispetto degli obblighi di legge, regolamenti e norme comunitarie a cui \u00e8 soggetto.<\/p>\n\n\n\n<p><strong>Base giuridica del trattamento: <\/strong>art. 6, par. 1, lett. c) del GDPR, \u201c<em>il trattamento \u00e8 necessario per adempiere un obbligo legale al quale \u00e8 soggetto il titolare del trattamento<\/em>\u201d.<\/p>\n\n\n\n<p><strong>Tempi di conservazione: <\/strong>i dati personali saranno conservati per il periodo strettamente necessario a consentire al Titolare di adempiere agli obblighi di legge a cui lo stesso \u00e8 soggetto.<\/p>\n\n\n\n<p><strong>5.2 Accertamento, esercizio e difesa dei diritti in sede giudiziaria<\/strong><\/p>\n\n\n\n<p>Il Titolare, ove necessario, tratta i dati personali degli interessati, raccolti per mezzo del Sito, al fine di accertare, esercitare o difendere un proprio diritto in sede giudiziaria o ogniqualvolta le autorit\u00e0 giurisdizionali esercitino le loro funzioni giurisdizionali.<\/p>\n\n\n\n<p><strong>Base giuridica del trattamento: <\/strong>art. 6, par. 1, lett. f) del GDPR, \u201c<em>il trattamento \u00e8 necessario per il perseguimento del legittimo interesse del titolare del trattamento<\/em>\u201d.<\/p>\n\n\n\n<p><strong>Tempi di conservazione:<\/strong> i dati personali saranno conservati per il periodo strettamente limitato alla durata del contenzioso, fino all\u2019esaurimento dei termini di esperibilit\u00e0 delle azioni di impugnazione.<\/p>\n\n\n\n<p><strong>5.3 Attivit\u00e0 di marketing diretto<\/strong><\/p>\n\n\n\n<p>I Suoi dati personali, previo Suo consenso libero e specifico, saranno trattati dai Titolari per aggiornarla sulle iniziative promozionali, commerciali e pubblicitarie, su eventi, iniziative in conformit\u00e0 con quanto previsto dal provvedimento dell\u2019Autorit\u00e0 Garante per la protezione dei dati personali <em>\u201cLinee guida in materia di attivit\u00e0 promozionale e contrasto allo spam \u2013 4 luglio 2013 [2542348]\u201d<\/em>. La informiamo che tali attivit\u00e0 potranno essere effettuate per mezzo di posta cartacea, contatti telefonici tramite operatore (c.d. \u201cmodalit\u00e0 tradizionali\u201d), e-mail, invio di sms, notifiche push ed utilizzo dei social network (c.d. \u201cmodalit\u00e0 automatizzate\u201d). Inoltre, tratteremo i Suoi Dati per svolgere attivit\u00e0 di analisi e di reportistica connessa ai sistemi di comunicazione promozionale. In mancanza di un Suo specifico consenso per tale finalit\u00e0, non potremo trattare i Suoi dati personali per finalit\u00e0 di marketing diretto e non potremo quindi informarla dei nuovi prodotti e\/o delle promozioni in corso.<\/p>\n\n\n\n<p><strong>Base giuridica del trattamento: <\/strong>Consensodell\u2019interessato <em>ex<\/em>art. 6, par. 1, lett. a) del GDPR, \u201c<em>l\u2019interessato ha espresso il consenso al trattamento dei propri dati personali per una o pi\u00f9 specifiche finalit\u00e0<\/em>\u201d.<\/p>\n\n\n\n<p><strong>Tempi di conservazione: <\/strong>i dati personali saranno conservati fino al momento della revoca del consenso da parte dell\u2019utente. I dati degli acquisti per finalit\u00e0 di marketing saranno conservati per 24 mesi. \u00c8 fatta salva in ogni caso la possibilit\u00e0 per il Titolare di conservare i dati personali dell\u2019utente per dimostrare la conformit\u00e0 al principio di accountability <em>ex<\/em> art. 5 GDPR.<\/p>\n\n\n\n<p><strong>5.4 Profilazione<\/strong><\/p>\n\n\n\n<p>Previo Suo consenso libero, facoltativo e specifico, tratteremo i Suoi dati personali per finalit\u00e0 di profilazione. In particolare, tramite le richieste avanzate mediante l\u2019ausilio del form \u201c<em>contattaci<\/em>\u201d e la selezione dei brand per cui ha dichiarato interesse nonch\u00e9 tramite il monitoraggio dei suoi comportamenti e interazioni, provvederemo a valutare pi\u00f9 dettagliatamente il Suo comportamento e ad analizzare le Sue preferenze, i Suoi interessi e le Sue abitudini di consumo. In mancanza di un Suo specifico consenso per tale finalit\u00e0, non potremo trattare i Suoi dati personali per finalit\u00e0 di profilazione.<\/p>\n\n\n\n<p><strong>Base giuridica del trattamento: <\/strong>Consensodell\u2019interessato <em>ex<\/em>art. 6, par. 1, lett. a) del GDPR, \u201c<em>l\u2019interessato ha espresso il consenso al trattamento dei propri dati personali per una o pi\u00f9 specifiche finalit\u00e0<\/em>\u201d.<\/p>\n\n\n\n<p><strong>Tempi di conservazione: <\/strong>i dati personali saranno conservati fino al momento della revoca del consenso da parte dell\u2019utente. I dati degli acquisti per finalit\u00e0 di profilazione saranno conservati per 12 mesi. \u00c8 fatta salva in ogni caso la possibilit\u00e0 per i Titolari di conservare i dati personali dell\u2019utente per dimostrare la conformit\u00e0 al principio di accountability <em>ex<\/em> art. 5 GDPR.<\/p>\n\n\n\n<p><strong>Destinatari e trasferimento dei dati personali<\/strong><\/p>\n\n\n\n<p>I Dati possono essere trattati da soggetti operanti in qualit\u00e0 di titolari autonomi del trattamento, quali a titolo esemplificativo: autorit\u00e0 ed organi di vigilanza e controllo ed in generale soggetti, pubblici o privati, legittimati a richiedere i Dati.<\/p>\n\n\n\n<p>I Dati possono altres\u00ec essere trattati, per conto della Societ\u00e0, da soggetti esterni designati come Responsabili del trattamento (ai sensi dell\u2019art. 28 del GDPR), a cui sono impartite adeguate istruzioni operative. Tali soggetti sono essenzialmente ricompresi nelle seguenti categorie:<\/p>\n\n\n\n<ol class=\"wp-block-list\" style=\"list-style-type:lower-alpha\">\n<li>societ\u00e0 controllate di Tecnica Group (<em>ex<\/em> art. 2359 c.c.);<\/li>\n\n\n\n<li>societ\u00e0 che offrono servizi di invio e-mail;<\/li>\n\n\n\n<li>societ\u00e0 che offrono servizi strumentali al perseguimento delle finalit\u00e0 indicate nella presente policy (media agency, IT suppliers, spedizionieri\u2026);<\/li>\n\n\n\n<li>societ\u00e0 che svolgono il servizio di gestione e\/o manutenzione del sito internet della Societ\u00e0;<\/li>\n\n\n\n<li>societ\u00e0 che offrono supporto nella realizzazione di studi di mercato.<\/li>\n<\/ol>\n\n\n\n<p>I dati personali non sono oggetto di trasferimento al di fuori dell\u2019Unione Europea. In ogni caso, resta inteso che, ove si rendesse necessario, il Titolare potr\u00e0 trasferire i dati personali anche in Paesi extra UE, garantendo sin d\u2019ora che il trasferimento avverr\u00e0 nel rispetto delle disposizioni di legge applicabili e quindi stipulando, se ed in quanto necessario, specifici accordi che garantiscano un livello di protezione adeguato dei dati personali, o comunque adottando le clausole contrattuali standard previste dalla Commissione europea per il trasferimento di dati personali extra-UE.<\/p>\n\n\n\n<p><strong>Soggetti autorizzati al trattamento<\/strong><\/p>\n\n\n\n<p>I Dati potranno essere trattati dai dipendenti e\/o collaboratori del Titolare e\/o del Responsabile deputati al perseguimento delle finalit\u00e0 sopra indicate, che sono stati espressamente autorizzati al trattamento e che hanno ricevuto adeguate istruzioni operative.<\/p>\n\n\n\n<p><strong>Revoca del consenso ed esercizio dei diritti degli Interessati<\/strong><\/p>\n\n\n\n<p>Gli interessati possono contattare il Titolare del trattamento a mezzo di posta elettronica al seguente indirizzo e-mail: <a href=\"mailto:privacy@tecnicagroup.com\">privacy@tecnicagroup.com<\/a>.<\/p>\n\n\n\n<p>Gli interessati possono chiedere al titolare l\u2019accesso ai Dati che li riguardano, la loro cancellazione, la rettifica dei Dati inesatti, l\u2019integrazione dei Dati incompleti, la limitazione del trattamento nei casi previsti dall\u2019art. 18 GDPR, nonch\u00e9 l\u2019opposizione al trattamento, per motivi connessi alla propria situazione particolare, nelle ipotesi di legittimo interesse del titolare.<\/p>\n\n\n\n<p>In caso di esercizio del Suo diritto di cancellazione, i Titolari del trattamento provvederanno ad eliminare i Dati a Lei riferiti non solo dal Sito, ma anche da tutte le banche dati della societ\u00e0: ci\u00f2 potrebbe quindi includere l\u2019eventuale cancellazione anche da altre piattaforme dei Titolari sulle quali Lei si sia registrato. In considerazione, dunque, dell\u2019impatto che tale cancellazione potrebbe comportare nei Suoi confronti, i Titolari del trattamento potranno provvedere ad adottare procedure meglio finalizzate ad accertare la Sua identit\u00e0.<\/p>\n\n\n\n<p>Gli interessati, inoltre, nel caso in cui il trattamento sia basato sul consenso o sul contratto e sia effettuato con strumenti automatizzati hanno il diritto di ricevere in un formato strutturato, di uso comune e leggibile da dispositivo automatico i Dati, nonch\u00e9, se tecnicamente fattibile, di trasmetterli ad altro titolare senza impedimenti.<\/p>\n\n\n\n<p>Gli interessati hanno il diritto di revocare il consenso prestato in qualsiasi momento per finalit\u00e0 di marketing e\/o di profilazione e\/o di cessione\/comunicazione dei Dati. Resta ferma la possibilit\u00e0 per l\u2019interessato che preferisca essere contattato esclusivamente tramite modalit\u00e0 tradizionali, di opporsi al trattamento per la finalit\u00e0 di marketing solo in relazione alla ricezione di comunicazioni attraverso modalit\u00e0 automatizzate.<\/p>\n\n\n\n<p>Gli interessati hanno il diritto di proporre reclamo all&#8217;Autorit\u00e0 di controllo competente nello Stato membro in cui risiedono abitualmente o lavorano o dello Stato in cui si \u00e8 verificata la presunta violazione.<\/p>\n","protected":false},"excerpt":{"rendered":"<p>La preghiamo di leggere attentamente la presente Privacy Policy (di seguito, \u201cPrivacy Policy\u201d), che si intende resa nei confronti degli utenti del sito web https:\/\/www.tecnicagroup.com (di seguito, il \u201cSito\u201d), predisposta ai sensi dell\u2019art. 13 del Regolamento Generale sulla Protezione dei [&hellip;]<\/p>\n","protected":false},"author":1,"featured_media":0,"parent":0,"menu_order":0,"comment_status":"closed","ping_status":"closed","template":"page-terms-privacy.php","meta":{"footnotes":""},"class_list":["post-829","page","type-page","status-publish","hentry"],"_links":{"self":[{"href":"https:\/\/www.tecnicagroup.com\/it\/wp-json\/wp\/v2\/pages\/829","targetHints":{"allow":["GET"]}}],"collection":[{"href":"https:\/\/www.tecnicagroup.com\/it\/wp-json\/wp\/v2\/pages"}],"about":[{"href":"https:\/\/www.tecnicagroup.com\/it\/wp-json\/wp\/v2\/types\/page"}],"author":[{"embeddable":true,"href":"https:\/\/www.tecnicagroup.com\/it\/wp-json\/wp\/v2\/users\/1"}],"replies":[{"embeddable":true,"href":"https:\/\/www.tecnicagroup.com\/it\/wp-json\/wp\/v2\/comments?post=829"}],"version-history":[{"count":11,"href":"https:\/\/www.tecnicagroup.com\/it\/wp-json\/wp\/v2\/pages\/829\/revisions"}],"predecessor-version":[{"id":2726,"href":"https:\/\/www.tecnicagroup.com\/it\/wp-json\/wp\/v2\/pages\/829\/revisions\/2726"}],"wp:attachment":[{"href":"https:\/\/www.tecnicagroup.com\/it\/wp-json\/wp\/v2\/media?parent=829"}],"curies":[{"name":"wp","href":"https:\/\/api.w.org\/{rel}","templated":true}]}}